{"id":107,"date":"2023-03-21T21:09:10","date_gmt":"2023-03-21T20:09:10","guid":{"rendered":"https:\/\/montazem.de\/wordpress\/?page_id=107"},"modified":"2023-03-21T21:09:13","modified_gmt":"2023-03-21T20:09:13","slug":"erkrankungen-der-hws","status":"publish","type":"page","link":"https:\/\/montazem.de\/wordpress\/index.php\/erkrankungen-der-hws\/","title":{"rendered":"Erkrankungen der HWS"},"content":{"rendered":"\n<p>Jenseits dem 30. Lebensjahr beginnt bereits die Degeneration im Bereich der Bandscheiben der Halswirbels\u00e4ule beim Menschen<\/p>\n\n\n\n<p>Der Halswirbel ist keineswegs nur ein\u00a0 Beherbergeorgan f\u00fcr das R\u00fcckenmark und seiner Nerven, vielmehr sehe ich\u00a0 in den Halswirbeln ein multifunktionales Organ, bestehend aus 7 Halswirbeln,\u00a0 B\u00e4ndern und Halteapparaten, Bandscheiben, mehrfachen Gelenken und wenn man die Balance des Kopfes mit ber\u00fccksichtigt, ist gewissermassen auch von einem Sinnesorgan zu sprechen.<br>St\u00f6rungen, Verschleisserscheinungen und unfallbedingte Ver\u00e4nderungen k\u00f6nnen nat\u00fcrlich vielf\u00e4ltigste Beschwerdesymptomatiken ausl\u00f6sen, die\u00a0 nicht unbedingt immer mit neurologischen Ausf\u00e4llen einhergehen. Am meisten wird man in einer Wirbels\u00e4ulenpraxis von solchen Patienten aufgesucht, die chronische Beschwerden auf Grund mehr oder weniger starkem Verschleiss im Bereich der\u00a0 Halswirbels\u00e4ule aufweisen. Durch Verlust des Wassergehaltes in den Bandscheiben beginnt ein Verschleiss, der mit einer Ver\u00e4nderung der Geometrie der einzelnen Gelenke oder Haltung der Halswirbels\u00e4ule einhergeht, man spricht allgemein von\u00a0 <strong>Arthrose<\/strong> der Halswirbels\u00e4ule.<\/p>\n\n\n\n<p>Fr\u00fcher und auch vielfach heute werden solche Patienten mit dem halbwegs tr\u00f6stenden Hinweis begleitet: \u201cEs ist ein Verschleiss, es handelt sich um Arthrose und damit m\u00fcssen Sie leben.\u201d<\/p>\n\n\n\n<p>In der heutigen modernen Medizin und den technischen M\u00f6glichkeiten muss man nicht mit diesem Leiden leben. Es gibt durchaus eine akzeptable operative M\u00f6glichkeit, um weitgehend die ver\u00e4nderte Geometrie der Halswirbels\u00e4ule wieder herzustellen und damit die Lebensqualit\u00e4t zu verbessern. Es handelt sich nicht, wie vielfach angenommen, um gef\u00e4hrliche Operationen an der Halswirbels\u00e4ule, sondern vielmehr um Pr\u00e4zisionsoperationen, die in der Regel maximal 1 &#8211; 2 Stunden dauern und ohne Blutverlust von statten gehen.<br>Die Patienten haben in der Regel unmittelbar nach der Operation eine Verbesserung der Lebensqualit\u00e4t, die gesamten Beschwerden lassen erheblich nach. In solchen F\u00e4llen betr\u00e4gt der Krankenhausaufenthalt ca. 10 Tage, die Patienten werden 12 Stunden nach der Operation bereits mobilisiert, es wird in der Regel auch eine Anschlussheilbehandlung von 3 Wochen empfohlen.<\/p>\n\n\n\n<p>Voraussetzung f\u00fcr die Feststellung der Notwendigkeit einer solchen Operation sind in erster Linie:<\/p>\n\n\n\n<ul>\n<li>die chronischen, therapieresistenten Beschwerden von Seiten\u00a0 der Patienten,<\/li>\n\n\n\n<li>klinischer Untersuchungsbefund, der ambulant erstellt wird,<\/li>\n\n\n\n<li>R\u00f6ntgenuntersuchung der Halswirbels\u00e4ule in \u00fcblicher&nbsp; Weise,<\/li>\n\n\n\n<li>spezielle funktionelle Untersuchung des Bewegungsablaufs der Halswirbels\u00e4ule unter Bildwandler, und schliesslich<\/li>\n\n\n\n<li>eine kernspintomographische Untersuchung der Halswirbels\u00e4ule.<\/li>\n<\/ul>\n\n\n\n<p>Die genaue Aufkl\u00e4rung \u00fcber Einzelheiten, insbesondere bei solchen Patienten, die bereits ein oder zwei Operationen im Bereich der Halswirbels\u00e4ule mit unzureichendem Therapieerfolg hinter sich gebracht haben, soll zweckm\u00e4ssigerweise w\u00e4hrend einer <a href=\"file:\/\/\/C:\/Dokumente\/Business\/monti\/MONTI_ALT\/deutsch\/html\/kontakt.html\">ambulanten Vorstellung<\/a> erfolgen.<\/p>\n","protected":false},"excerpt":{"rendered":"<p>Jenseits dem 30. Lebensjahr beginnt bereits die Degeneration im Bereich der Bandscheiben der Halswirbels\u00e4ule beim Menschen Der Halswirbel ist keineswegs nur ein\u00a0 Beherbergeorgan f\u00fcr das R\u00fcckenmark und seiner Nerven, vielmehr sehe ich\u00a0 in den Halswirbeln ein multifunktionales Organ, bestehend aus &hellip; <a href=\"https:\/\/montazem.de\/wordpress\/index.php\/erkrankungen-der-hws\/\">Weiterlesen <span class=\"meta-nav\">&rarr;<\/span><\/a><\/p>\n","protected":false},"author":1,"featured_media":0,"parent":0,"menu_order":0,"comment_status":"closed","ping_status":"closed","template":"","meta":[],"_links":{"self":[{"href":"https:\/\/montazem.de\/wordpress\/index.php\/wp-json\/wp\/v2\/pages\/107"}],"collection":[{"href":"https:\/\/montazem.de\/wordpress\/index.php\/wp-json\/wp\/v2\/pages"}],"about":[{"href":"https:\/\/montazem.de\/wordpress\/index.php\/wp-json\/wp\/v2\/types\/page"}],"author":[{"embeddable":true,"href":"https:\/\/montazem.de\/wordpress\/index.php\/wp-json\/wp\/v2\/users\/1"}],"replies":[{"embeddable":true,"href":"https:\/\/montazem.de\/wordpress\/index.php\/wp-json\/wp\/v2\/comments?post=107"}],"version-history":[{"count":1,"href":"https:\/\/montazem.de\/wordpress\/index.php\/wp-json\/wp\/v2\/pages\/107\/revisions"}],"predecessor-version":[{"id":109,"href":"https:\/\/montazem.de\/wordpress\/index.php\/wp-json\/wp\/v2\/pages\/107\/revisions\/109"}],"wp:attachment":[{"href":"https:\/\/montazem.de\/wordpress\/index.php\/wp-json\/wp\/v2\/media?parent=107"}],"curies":[{"name":"wp","href":"https:\/\/api.w.org\/{rel}","templated":true}]}}