{"id":113,"date":"2023-03-21T21:20:32","date_gmt":"2023-03-21T20:20:32","guid":{"rendered":"https:\/\/montazem.de\/wordpress\/?page_id=113"},"modified":"2023-03-21T21:20:35","modified_gmt":"2023-03-21T20:20:35","slug":"erkrankungen-der-lws","status":"publish","type":"page","link":"https:\/\/montazem.de\/wordpress\/index.php\/erkrankungen-der-lws\/","title":{"rendered":"Erkrankungen der LWS"},"content":{"rendered":"\n<p>Die heutigen Zivilisationsmenschen leiden sehr h\u00e4ufig unter R\u00fcckenschmerzen. Meist handelt es sich um Verschleisserscheinungen im Bereich der Lendenwirbels\u00e4ule, die teilweise mit Einklemmung der Nerven, aber auch mit Deformit\u00e4ten der Wirbels\u00e4ule einhergehen und dadurch zu chronischen, therapieresistenten Schmerzen f\u00fchren kann. In der modernen wirbels\u00e4ulenchirurgischen Abteilung k\u00f6nnen folgende Lendenwirbels\u00e4ulen- st\u00f6rungen mit gutem Erfolg behandelt werden:<\/p>\n\n\n\n<ol>\n<li><strong>Verschleisserscheinungen im\u00a0 Bereich der Lendenwirbels\u00e4ule mit statischen\u00a0 St\u00f6rungen:<\/strong><\/li>\n<\/ol>\n\n\n\n<p>Hierbei handelt es sich nicht um einfache Bandscheibenvorf\u00e4lle mit Nerveneinklemmungen, sondern vielmehr um Instabilit\u00e4ten, St\u00f6rung der Geometrie und hierdurch bedingte chronische Schmerzen. Mit speziellen Metallimplantaten und moderner Chirurgie kann heute die Lebensqualit\u00e4t der so Geplagten wesentlich gebessert werden.<\/p>\n\n\n\n<p>2. <strong>Bandscheibenleiden:<\/strong><\/p>\n\n\n\n<p>Die degenerierte Bandscheibe kann auch vorfallen und direkt auf eine abgehende Nervenwurzel dr\u00fccken. Dies verursacht unertr\u00e4gliche Schmerzen, meist in einem Bein, oder auch gelegentlich doppelseitig. Bei einem \u201ceinfachen\u201d Bandscheibenvorfall kann mit einer einfachen Bandscheibenoperation das Leiden gut beeinflusst werden, wenn nicht gleichzeitig eine Instabilit\u00e4t vorliegt. Sollte aber gleichzeitig eine Instabilit\u00e4t durch Verlust des Wassergehaltes der betroffenen Bandscheibe vorliegen, muss gleichzeitig durch eine Stabilisierungsoperation sowohl die Statik korrigiert als auch die nervalen Elemente entlastet werden.<\/p>\n\n\n\n<p>3. <strong>Instabilit\u00e4ten im Bereich der Lendenwirbels\u00e4ule:<\/strong><\/p>\n\n\n\n<p>Reine Instabilit\u00e4ten k\u00f6nnen einmal angeboren, aber auch auf Grund von Verschleiss oder Unf\u00e4llen erworben worden sein. Die Instabilit\u00e4ten sind nicht mit neurologischen Ausf\u00e4llen, L\u00e4hmungserscheinungen oder Taubheitsgef\u00fchl verbunden. Allerdings verursachen sie st\u00e4ndige Schmerzen, die insbesondere unter Belastung erheblich an St\u00e4rke zunehmen. Diese Art Leiden k\u00f6nnen sehr gut durch Stabilisierungsoperationen beeinflusst und behandelt werden.<\/p>\n\n\n\n<p>4. <strong>Problem einer Spondylolisthese:<\/strong><\/p>\n\n\n\n<p>Unter Spondylolisthese versteht man ein Wirbelgleiten. Auch dies kann angeboren oder erworben worden sein. Diese Form der Instabilit\u00e4t verursacht immer wieder aufkommende Schmerzphasen, dann wieder zeitweise Besserung. Die endg\u00fcltige dauerhafte Besserung der Schmerzsymptomatik kann jedoch nur durch eine Stabilisierungsoperation erreicht werden.<\/p>\n\n\n\n<p>5. <strong>Lendenwirbels\u00e4ulenprobleme, Beinst\u00f6rungen (schwache Beine) durch das\u00a0 Vorliegen einer Wirbelkanalverengung\u00a0 (Spinalkanalstenose)<\/strong>:<\/p>\n\n\n\n<p>Diese Krankheit entsteht meist durch degenerierte Bandscheibenvorf\u00e4lle, die eine \u00fcberm\u00e4ssige Belastung der kleinen Wirbelgelenke zur Folge haben. Diese werden dann aufgetrieben, verdickt und vergr\u00f6ssert um dem Druck einer drohenden Instabilit\u00e4t Stand zu halten. Das bewirkt wiederum eine Einengung des R\u00fcckenmarkkanals, meist liegt auch eine vorgew\u00f6lbte Bandscheibe vor, so dass der Spinalkanal \u00fcber eine oder mehrere Segmente sehr stark eingeengt werden kann. Dies kann gleichzeitig mit einer Deformit\u00e4t und Verkr\u00fcmmung der Wirbels\u00e4ule einhergehen. In diesen F\u00e4llen hilft nur eine vollst\u00e4ndige Entlastung der Nerven und gleichzeitige Stabilisierung und Korrektur der Geometrie mit modernen Implantaten und chirurgischen Methoden.<\/p>\n\n\n\n<p>6. <strong>Wirbelk\u00f6rperbr\u00fcche:<\/strong><\/p>\n\n\n\n<p>Auch hier sind Stabilisierungsma\u00dfnahmen und Korrekturoperationen sehr h\u00e4ufig n\u00fctzlich.<\/p>\n\n\n\n<p>7. <strong>Osteoporose und fortgeschrittene Osteoporose:<\/strong><\/p>\n\n\n\n<p>Verursacht mitunter auch chronische Schmerzen auf Grund eines hierdurch entstandenen Deckplatteneinbruchs oder durch Instabilit\u00e4ten. Auch in solchen F\u00e4llen kann manchmal eine Stabilisierungsoperation sehr gute Dienste leisten.<\/p>\n\n\n\n<p>Alle diese Probleme k\u00f6nnen w\u00e4hrend einer ambulanten\u00a0 Untersuchung mit bereits vorhandenem Bildmaterial wie z.B. R\u00f6ntgen-, Computer-\u00a0 oder NMR-Aufnahmen besprochen werden und die Art der Operation und m\u00f6gliche Hilfe festgelegt werden. Die ambulante Beratung, die sehr umfassend ist, kann\u00a0 nur mit <a href=\"file:\/\/\/C:\/Dokumente\/Business\/monti\/MONTI_ALT\/deutsch\/html\/kontakt.html\">Voranmeldung<\/a> erfolgen.<\/p>\n\n\n\n<p><\/p>\n","protected":false},"excerpt":{"rendered":"<p>Die heutigen Zivilisationsmenschen leiden sehr h\u00e4ufig unter R\u00fcckenschmerzen. Meist handelt es sich um Verschleisserscheinungen im Bereich der Lendenwirbels\u00e4ule, die teilweise mit Einklemmung der Nerven, aber auch mit Deformit\u00e4ten der Wirbels\u00e4ule einhergehen und dadurch zu chronischen, therapieresistenten Schmerzen f\u00fchren kann. In &hellip; <a href=\"https:\/\/montazem.de\/wordpress\/index.php\/erkrankungen-der-lws\/\">Weiterlesen <span class=\"meta-nav\">&rarr;<\/span><\/a><\/p>\n","protected":false},"author":1,"featured_media":0,"parent":0,"menu_order":0,"comment_status":"closed","ping_status":"closed","template":"","meta":[],"_links":{"self":[{"href":"https:\/\/montazem.de\/wordpress\/index.php\/wp-json\/wp\/v2\/pages\/113"}],"collection":[{"href":"https:\/\/montazem.de\/wordpress\/index.php\/wp-json\/wp\/v2\/pages"}],"about":[{"href":"https:\/\/montazem.de\/wordpress\/index.php\/wp-json\/wp\/v2\/types\/page"}],"author":[{"embeddable":true,"href":"https:\/\/montazem.de\/wordpress\/index.php\/wp-json\/wp\/v2\/users\/1"}],"replies":[{"embeddable":true,"href":"https:\/\/montazem.de\/wordpress\/index.php\/wp-json\/wp\/v2\/comments?post=113"}],"version-history":[{"count":2,"href":"https:\/\/montazem.de\/wordpress\/index.php\/wp-json\/wp\/v2\/pages\/113\/revisions"}],"predecessor-version":[{"id":116,"href":"https:\/\/montazem.de\/wordpress\/index.php\/wp-json\/wp\/v2\/pages\/113\/revisions\/116"}],"wp:attachment":[{"href":"https:\/\/montazem.de\/wordpress\/index.php\/wp-json\/wp\/v2\/media?parent=113"}],"curies":[{"name":"wp","href":"https:\/\/api.w.org\/{rel}","templated":true}]}}