{"id":133,"date":"2023-03-23T22:00:56","date_gmt":"2023-03-23T21:00:56","guid":{"rendered":"https:\/\/montazem.de\/wordpress\/?page_id=133"},"modified":"2023-06-27T20:25:42","modified_gmt":"2023-06-27T19:25:42","slug":"hallo-und-herzlich-willkommen","status":"publish","type":"page","link":"https:\/\/montazem.de\/wordpress\/","title":{"rendered":"Hallo und herzlich willkommen"},"content":{"rendered":"<div class=\"wp-block-image\">\n<figure class=\"alignright size-full\"><img decoding=\"async\" loading=\"lazy\" width=\"213\" height=\"643\" src=\"https:\/\/montazem.de\/wordpress\/wp-content\/uploads\/2023\/03\/skelett_willkommen-1.jpg\" alt=\"\" class=\"wp-image-141\" srcset=\"https:\/\/montazem.de\/wordpress\/wp-content\/uploads\/2023\/03\/skelett_willkommen-1.jpg 213w, https:\/\/montazem.de\/wordpress\/wp-content\/uploads\/2023\/03\/skelett_willkommen-1-99x300.jpg 99w\" sizes=\"(max-width: 213px) 100vw, 213px\" \/><\/figure><\/div>\n\n\n<p>Als <strong>Neurochirurg<\/strong> befasse ich mich mit der Diagnose und der operativen Behandlung von Erkrankungen, die das Gehirn, das R\u00fcckenmark oder die peripheren Nerven betreffen.<\/p>\n\n\n\n<p>Zum Beispiel werden Gehirnoperationen durchgef\u00fchrt, um Tumore oder Fremdk\u00f6rper zu entfernen oder einen erh\u00f6hten Druck nach Hirnblutungen zu lindern. Bei Operationen des R\u00fcckenmarks werden wiederum Defekte korrigiert, Tumore entfernt oder eine erkrankte Bandscheibe behandelt.<\/p>\n\n\n\n<p>Aber das ist l\u00e4ngst noch nicht alles, was ein Neurochirurg zu tun hat. Durch die Technisierung der Menschheit erstehen Erkrankungen und Defekte auf meinem Fachgebiet, die es zu erkennen und dann zu behandeln gilt.<\/p>\n\n\n\n<p>Ich m\u00f6chte mit dieser Website Informationen \u00fcber Diagnostik und Behandlung auf dem Gebiet der Neurochirurgie weitergeben, um so erkrankten aber auch interessierten Menschen und Kollegen zu helfen.<br>Kommen Sie mit auf eine kleine Reise durch die Welt der Neurochirurgie.<br>Unter &#8222;<a rel=\"noreferrer noopener\" href=\"https:\/\/montazem.de\/wordpress\/index.php\/beitraege\/\" data-type=\"page\" data-id=\"147\" target=\"_blank\">Beitr\u00e4ge<\/a>&#8220; findet man die Ergebnisse meiner Arbeit.<\/p>\n\n\n\n<p class=\"has-text-align-left\">Ihr Dr. med. Abbas Montazem<\/p>\n","protected":false},"excerpt":{"rendered":"<p>Als Neurochirurg befasse ich mich mit der Diagnose und der operativen Behandlung von Erkrankungen, die das Gehirn, das R\u00fcckenmark oder die peripheren Nerven betreffen. Zum Beispiel werden Gehirnoperationen durchgef\u00fchrt, um Tumore oder Fremdk\u00f6rper zu entfernen oder einen erh\u00f6hten Druck nach &hellip; <a href=\"https:\/\/montazem.de\/wordpress\/\">Weiterlesen <span class=\"meta-nav\">&rarr;<\/span><\/a><\/p>\n","protected":false},"author":2,"featured_media":0,"parent":0,"menu_order":0,"comment_status":"closed","ping_status":"closed","template":"","meta":[],"_links":{"self":[{"href":"https:\/\/montazem.de\/wordpress\/index.php\/wp-json\/wp\/v2\/pages\/133"}],"collection":[{"href":"https:\/\/montazem.de\/wordpress\/index.php\/wp-json\/wp\/v2\/pages"}],"about":[{"href":"https:\/\/montazem.de\/wordpress\/index.php\/wp-json\/wp\/v2\/types\/page"}],"author":[{"embeddable":true,"href":"https:\/\/montazem.de\/wordpress\/index.php\/wp-json\/wp\/v2\/users\/2"}],"replies":[{"embeddable":true,"href":"https:\/\/montazem.de\/wordpress\/index.php\/wp-json\/wp\/v2\/comments?post=133"}],"version-history":[{"count":8,"href":"https:\/\/montazem.de\/wordpress\/index.php\/wp-json\/wp\/v2\/pages\/133\/revisions"}],"predecessor-version":[{"id":285,"href":"https:\/\/montazem.de\/wordpress\/index.php\/wp-json\/wp\/v2\/pages\/133\/revisions\/285"}],"wp:attachment":[{"href":"https:\/\/montazem.de\/wordpress\/index.php\/wp-json\/wp\/v2\/media?parent=133"}],"curies":[{"name":"wp","href":"https:\/\/api.w.org\/{rel}","templated":true}]}}