{"id":2,"date":"2023-03-15T20:48:31","date_gmt":"2023-03-15T20:48:31","guid":{"rendered":"https:\/\/montazem.de\/wordpress\/?page_id=2"},"modified":"2023-03-16T22:38:34","modified_gmt":"2023-03-16T21:38:34","slug":"zu-meiner-person","status":"publish","type":"page","link":"https:\/\/montazem.de\/wordpress\/index.php\/zu-meiner-person\/","title":{"rendered":"Zu meiner Person"},"content":{"rendered":"<div id=\"attachment_15\" style=\"width: 261px\" class=\"wp-caption alignright\"><img aria-describedby=\"caption-attachment-15\" decoding=\"async\" loading=\"lazy\" class=\"wp-image-15\" src=\"https:\/\/montazem.de\/wordpress\/wp-content\/uploads\/2023\/03\/dr_montazem-216x300.jpg\" alt=\"Dr. Abbas Montazem\" width=\"251\" height=\"349\" srcset=\"https:\/\/montazem.de\/wordpress\/wp-content\/uploads\/2023\/03\/dr_montazem-216x300.jpg 216w, https:\/\/montazem.de\/wordpress\/wp-content\/uploads\/2023\/03\/dr_montazem.jpg 299w\" sizes=\"(max-width: 251px) 100vw, 251px\" \/><p id=\"caption-attachment-15\" class=\"wp-caption-text\">Dr. med. Abbas Montazem<\/p><\/div>\r\n<p align=\"JUSTIFY\">Nach dem Abitur habe ich 1960 mit dem Medizinstudium an der\u00a0 Universit\u00e4t Heidelberg begonnen.<br \/>Nach Abschluss des medizinischen Studiums und\u00a0 einem Jahr allgemeinchirurgischer Ausbildung begann ich 1970 mit der\u00a0 Weiter- und Facharztausbildung als Neurochirurg. 1976 habe ich meine\u00a0 Facharztanerkennung in Nordrhein- Westfalen abgeschlossen.<\/p>\r\n<p align=\"JUSTIFY\">Bereits w\u00e4hrend der\u00a0 Ausbildung f\u00fcr die Neurochirurgie, aber auch sp\u00e4ter verbrachte ich sehr viel Zeit in speziellen orthop\u00e4dischen Abteilungen, vorwiegend in den Vereinigten\u00a0 Staaten, insbesondere zur Vertiefung meiner Kenntnisse und chirurgischer\u00a0 Fertigkeit im Bereich der Halswirbels\u00e4ulenchirurgie.<\/p>\r\n<p align=\"JUSTIFY\">Das Fachgebiet Neuroorthop\u00e4die war Hauptinteresse meiner T\u00e4tigkeiten. Deshalb arbeitete ich auch sehr h\u00e4ufig in sehr guten, weltbekannten\u00a0 orthop\u00e4dischen Abteilungen in der Schweiz, die haupts\u00e4chlich im Bereich der\u00a0 Wirbels\u00e4ule operativ t\u00e4tig sind. Von 1983 bis einschliesslich Juni 1995 arbeitete ich als erster Oberarzt in der Neurochirurgie des Zentralklinikums Augsburg und war hauptamtlich f\u00fcr die neuro-orthop\u00e4dischen Operationen verantwortlich.<\/p>\r\n<p align=\"JUSTIFY\">In den letzten Jahren habe ich selbst sehr viele Implantate\u00a0 entworfen, die weltweit vertrieben werden, manche bereits vorhandene Implantate verbessert und durch t\u00e4gliche Operationen an der Wirbels\u00e4ule in den letzten 25\u00a0 Jahren haben sich meine Erfahrung und chirurgisches Know-how laufend verbessert.\u00a0 Seit zwei Jahren arbeite ich als freier Neurochirurg und f\u00fchre ausschliesslich Wirbels\u00e4ulenoperationen durch.<\/p>\r\n<p align=\"JUSTIFY\">In meinem ganzen Berufsleben habe ich besonderen Wert auf die\u00a0 Menschlichkeit gelegt, meine Patienten waren immer f\u00fcr mich einzelne Schicksale und nicht ein Fall. Meine St\u00e4rke und meinen Erfolg sehe ich darin, dass ich bei\u00a0 der chirurgischen Behandlung meiner Patienten alle sehr ausf\u00fchrlich \u00fcber ihre\u00a0 Erkrankung, die Art der Operation und die m\u00f6glichen Alternativen aufkl\u00e4re und\u00a0 die chirurgische T\u00e4tigkeit an meinen Patienten ausschliesslich selbst durchf\u00fchre.<\/p>\r\n<p align=\"LEFT\">Nach Erreichen meines Rentenalters habe ich nun meine medizinische T\u00e4tigkeit in Deutschland eingestellt.<\/p>\r\n<p align=\"LEFT\">Dr. med. A. Montazem<\/p>\r\n<p align=\"LEFT\">Neurochirurg<\/p>\r\n","protected":false},"excerpt":{"rendered":"<p>Nach dem Abitur habe ich 1960 mit dem Medizinstudium an der\u00a0 Universit\u00e4t Heidelberg begonnen.Nach Abschluss des medizinischen Studiums und\u00a0 einem Jahr allgemeinchirurgischer Ausbildung begann ich 1970 mit der\u00a0 Weiter- und Facharztausbildung als Neurochirurg. 1976 habe ich meine\u00a0 Facharztanerkennung in Nordrhein- &hellip; <a href=\"https:\/\/montazem.de\/wordpress\/index.php\/zu-meiner-person\/\">Weiterlesen <span class=\"meta-nav\">&rarr;<\/span><\/a><\/p>\n","protected":false},"author":1,"featured_media":0,"parent":0,"menu_order":0,"comment_status":"closed","ping_status":"closed","template":"","meta":[],"_links":{"self":[{"href":"https:\/\/montazem.de\/wordpress\/index.php\/wp-json\/wp\/v2\/pages\/2"}],"collection":[{"href":"https:\/\/montazem.de\/wordpress\/index.php\/wp-json\/wp\/v2\/pages"}],"about":[{"href":"https:\/\/montazem.de\/wordpress\/index.php\/wp-json\/wp\/v2\/types\/page"}],"author":[{"embeddable":true,"href":"https:\/\/montazem.de\/wordpress\/index.php\/wp-json\/wp\/v2\/users\/1"}],"replies":[{"embeddable":true,"href":"https:\/\/montazem.de\/wordpress\/index.php\/wp-json\/wp\/v2\/comments?post=2"}],"version-history":[{"count":2,"href":"https:\/\/montazem.de\/wordpress\/index.php\/wp-json\/wp\/v2\/pages\/2\/revisions"}],"predecessor-version":[{"id":16,"href":"https:\/\/montazem.de\/wordpress\/index.php\/wp-json\/wp\/v2\/pages\/2\/revisions\/16"}],"wp:attachment":[{"href":"https:\/\/montazem.de\/wordpress\/index.php\/wp-json\/wp\/v2\/media?parent=2"}],"curies":[{"name":"wp","href":"https:\/\/api.w.org\/{rel}","templated":true}]}}