{"id":250,"date":"2023-06-23T20:44:17","date_gmt":"2023-06-23T19:44:17","guid":{"rendered":"https:\/\/montazem.de\/wordpress\/?page_id=250"},"modified":"2023-06-23T20:44:17","modified_gmt":"2023-06-23T19:44:17","slug":"literaturnachweis","status":"publish","type":"page","link":"https:\/\/montazem.de\/wordpress\/index.php\/literaturnachweis\/","title":{"rendered":"Literaturnachweis"},"content":{"rendered":"\n<p>Folgende Literatur habe ich f\u00fcr meine Webseite zu Hilfe genommen bzw. kann ich zur weiterf\u00fchrenden Lekt\u00fcre empfehlen :<\/p>\n\n\n\n<p>Arne Sch\u00e4ffler, Nicole Menche: Mensch K\u00f6rper Krankheit. 3. Auflage Urban &amp; Fischer Verlag 1999. ISBN 3-437-55091-8, <a href=\"http:\/\/www.urbanfischer.de\">www.urbanfischer.de<\/a><\/p>\n\n\n\n<p>Jutta Hochschild: Strukturen und Funktionen gegreifen &#8211; Funktionelle Anatomie &#8211; Therapierelevante Details. 2. unver\u00e4nderte Auflage, Georg Thieme Verlag Stuttgart 2002. ISBN 3-13-110422-8, <a href=\"http:\/\/www.thieme.de\">www.thieme.de<\/a><\/p>\n\n\n\n<p>T. B\u00f6ttcher, S. Engelhardt, M. Kortenhaus: Netters Neurologie. Georg Thieme Verlag Stuttgart 2001. ISBN 3-13-123971-9, <a href=\"http:\/\/www.thieme.de\">www.thieme.de<\/a><\/p>\n\n\n\n<p>J.S. Schwegler: Der Mensch &#8211; Anatomie und Physiologie. Georg Thieme Verlag Stuttgart 1996. ISBN 3-13-100151-8, <a href=\"http:\/\/www.thieme.de\">www.thieme.de<\/a><\/p>\n\n\n\n<p>Andreas Otte: Das Halswirbels\u00e4ulen-Schleudertrauma &#8211; Ein Ratgeber f\u00fcr \u00c4rzte und Betroffene. Springer Verlag Berlin Heidelberg New York 2001.<br>ISBN 3-540-67955-3, <a href=\"http:\/\/www.springer.de\">www.springer.de<\/a><\/p>\n\n\n\n<p>A.E. R\u00f6cker, R Kausch: Atlas des ganzheitlichen Heilens. Ludwig Verlag M\u00fcnchen 1998. ISBN 3-7787-3699-X, <a href=\"http:\/\/www.ludwig-verlag.de\">www.ludwig-verlag.de<\/a><\/p>\n\n\n\n<p>Landesversicherungsanstalt W\u00fcrttemberg: HWS-Schleudertrauma &#8211; Moderne Erkenntnisse der Experten. Symposium am 18. September 1999 in der Reha-Klinik \u201cAm Kurpark\u201d in Bad Kissingen.<\/p>\n\n\n\n<p>de Gruyter: Pschyrembel &#8211; Klinisches W\u00f6rterbuch. 259. Auflage, Walter de Gruyter Berlin New York 2002. ISBN 3-11-016522-8, <a href=\"http:\/\/www.gruyter.com\">www.gruyter.com<\/a><\/p>\n\n\n\n<p>R. Huonker-Jenny: Schleudertrauma -Das untersch\u00e4tzte Risiko. K\u00f6sel Verlag M\u00fcnchen 2002. ISBN 3-466-30593-4, <a href=\"http:\/\/www.koesel.de\">www.koesel.de<\/a><\/p>\n","protected":false},"excerpt":{"rendered":"<p>Folgende Literatur habe ich f\u00fcr meine Webseite zu Hilfe genommen bzw. kann ich zur weiterf\u00fchrenden Lekt\u00fcre empfehlen : Arne Sch\u00e4ffler, Nicole Menche: Mensch K\u00f6rper Krankheit. 3. Auflage Urban &amp; Fischer Verlag 1999. ISBN 3-437-55091-8, www.urbanfischer.de Jutta Hochschild: Strukturen und Funktionen &hellip; <a href=\"https:\/\/montazem.de\/wordpress\/index.php\/literaturnachweis\/\">Weiterlesen <span class=\"meta-nav\">&rarr;<\/span><\/a><\/p>\n","protected":false},"author":1,"featured_media":0,"parent":0,"menu_order":0,"comment_status":"closed","ping_status":"closed","template":"","meta":[],"_links":{"self":[{"href":"https:\/\/montazem.de\/wordpress\/index.php\/wp-json\/wp\/v2\/pages\/250"}],"collection":[{"href":"https:\/\/montazem.de\/wordpress\/index.php\/wp-json\/wp\/v2\/pages"}],"about":[{"href":"https:\/\/montazem.de\/wordpress\/index.php\/wp-json\/wp\/v2\/types\/page"}],"author":[{"embeddable":true,"href":"https:\/\/montazem.de\/wordpress\/index.php\/wp-json\/wp\/v2\/users\/1"}],"replies":[{"embeddable":true,"href":"https:\/\/montazem.de\/wordpress\/index.php\/wp-json\/wp\/v2\/comments?post=250"}],"version-history":[{"count":1,"href":"https:\/\/montazem.de\/wordpress\/index.php\/wp-json\/wp\/v2\/pages\/250\/revisions"}],"predecessor-version":[{"id":252,"href":"https:\/\/montazem.de\/wordpress\/index.php\/wp-json\/wp\/v2\/pages\/250\/revisions\/252"}],"wp:attachment":[{"href":"https:\/\/montazem.de\/wordpress\/index.php\/wp-json\/wp\/v2\/media?parent=250"}],"curies":[{"name":"wp","href":"https:\/\/api.w.org\/{rel}","templated":true}]}}