{"id":253,"date":"2023-06-23T21:12:33","date_gmt":"2023-06-23T20:12:33","guid":{"rendered":"https:\/\/montazem.de\/wordpress\/?page_id=253"},"modified":"2023-06-23T21:12:33","modified_gmt":"2023-06-23T20:12:33","slug":"weitere-fachaerzte-und-therapeuden","status":"publish","type":"page","link":"https:\/\/montazem.de\/wordpress\/index.php\/weitere-fachaerzte-und-therapeuden\/","title":{"rendered":"Weitere Fach\u00e4rzte und Therapeuden"},"content":{"rendered":"\n<p>Erkrankungen, wie z.B. ein HWS-Schleudertrauma mit Instabilit\u00e4ten, k\u00f6nnen Symptome aufweisen, die in verschiedene medizinische Fachgebiete reichen oder von verschiedensten Fach\u00e4rzten diagnostiziert werden m\u00fcssen.<br>Es ist deshalb sinnvoll, dass Fach\u00e4rzte unterschiedlicher Ausrichtungen zusammenarbeiten und die Beschwerden gemeinsam bek\u00e4mpfen.<br>Aber auch die soziale Komponente sollte bei der Bek\u00e4mpfung der Erkrankung nicht fehlen. Hilfsorganisationen k\u00f6nnen Ihnen helfen, das t\u00e4gliche Leben mit Ihren Beschwerden zu meistern.<br>Um Sie bei der Suche nach \u00c4rzten oder Selbsthilfeorganisationen etwas zu unterst\u00fctzen, haben wir hier einige hoffentlich n\u00fctzliche Links zusammengetragen.<\/p>\n\n\n\n<p>Wir \u00fcbernehmen keine Haftung f\u00fcr die Inhalte der angegebenen externen Links.<\/p>\n\n\n\n<h2 class=\"wp-block-heading\">Neurootologische Fach\u00e4rzte<\/h2>\n\n\n\n<p>Neurootologen sind meist HNO-Fach\u00e4rzte, die sich speziell mit Beschwerden wie Kopfschmerzen, Schwindel, Ohrenger\u00e4usche und H\u00f6rminderung befassen.<\/p>\n\n\n\n<figure class=\"wp-block-table\"><table><tbody><tr><td>Prof. Dr. C. F. Claussen<br><a href=\"http:\/\/www.vertigo-dizziness.com\/deutsch\/einleitung.html\">Neurootologisches Forschungsinstitut der 4-G-F<\/a><br>Kurhausstra\u00dfe 12<br>97688 Bad Kissingen<br><br>Tel.: +49 (0)971\/64832<br>Fax : +49 (0)971\/68637<\/td><\/tr><tr><td>Dr. med. Hilsenberg<br>Arzt f\u00fcr HNO-Heilkunde\/Neurootologie<br>R\u00f6merstr. 12<br>47495 Rheinberg<br><br>Tel.: +49 (0)2843\/60508<\/td><\/tr><tr><td><a href=\"http:\/\/www.mueller-kortkamp.de\">Gemeinschaftspraxis<br>Dr. med. M. P. M\u00fcller-Kortkamp und Dipl.med. J. Paries<\/a><br>\u00c4rzte f\u00fcr HNO-Heilkunde<br>Seilerstr. 7-9<br>29614 Soltau<br><br>Tel.: +49 (0)5191\/98600<br>Fax : +49 (0)5191\/99103<\/td><\/tr><\/tbody><\/table><\/figure>\n\n\n\n<h2 class=\"wp-block-heading\">Neuroradiologische Fach\u00e4rzte<\/h2>\n\n\n\n<p>Neuroradiologen sind z.B. in der Lage, ein Funktions-MRT oder Funktions-CT zu erstellen, aber auch SPECT\/PET- Untersuchungen durchzuf\u00fchren.<\/p>\n\n\n\n<figure class=\"wp-block-table\"><table><tbody><tr><td><a href=\"http:\/\/www.rad-zep.de\">Gemeinschaftspraxis<br>Dres. med. Eberle\/Krohn\/Kark<br>Dr. med. habil. Friedburg<\/a><br>\u00c4rzte f\u00fcr Radiologie<br>Zeppelinstr. 2<br>76185 Karlsruhe<br><br>Tel.: +49 (0)721\/95210-0<br>Fax : +49 (0)721\/9521010<\/td><\/tr><tr><td>Praxis f\u00fcr Radiologie u. Nuklearmedizin<br>Dres. Guendel\/Pr\u00fc\u00df\/Willemsen\/Walz<br>Schussenstr. 6<br>88212 Ravensburg<br><br>Tel.: +49 (0)751\/22377<\/td><\/tr><tr><td><a href=\"http:\/\/www.hoerr-pet.de\">Dr. med. B. Hoerr<\/a><br>Arzt f\u00fcr Radiologie (PET)<br>Zehntgasse 1<br>73207 Plochingen<br><br>Tel.: +49 (0)7153\/82130<br>Fax : +49 (0)7153\/821330<\/td><\/tr><tr><td>Gemeinschaftspraxis<br>Dres. med. Krasny\/Zachariam\/Tschakert\/Zinder<br>\u00c4rzte f\u00fcr Radiologie<br>Heinrichallee 50-52<br>52062 Aachen<br><br>Tel.: +49 (0)241\/946950<\/td><\/tr><tr><td><a href=\"http:\/\/www.dr-volle.de\">Dr. med. Eckhard Volle<\/a><br>Arzt f\u00fcr Radiologie<br>Sendlinger Str. 7<br>Angerblock<br>80331 M\u00fcnchen<br><br>Tel.: +49 (0)89\/238885-0<br>Fax : +49 (0)89\/23888510<\/td><\/tr><\/tbody><\/table><\/figure>\n\n\n\n<h2 class=\"wp-block-heading\">Fach\u00e4rzte zur Schmerzbehandlung<\/h2>\n\n\n\n<p>Hier finden Sie Fach\u00e4rzte fur Schmerztherapie.<\/p>\n\n\n\n<figure class=\"wp-block-table\"><table><tbody><tr><td><a href=\"http:\/\/www.drstokke.no\/site\/default.asp\">Dr.med.habil.\u00a0Trond\u00a0Stokke<\/a><br>Praxis f\u00fcr an\u00e4sthesiologische Schmerzbehandlung<br>Interventionelle Schmerzbehandlung<br>gepulste und isotherme Radiofrequenzbehandlung<br>Valkyriegaten 8<br>NO-0366\u00a0Oslo \/ Norwegen<br><br>Tel.: +47 22 93 33 20<\/td><\/tr><\/tbody><\/table><\/figure>\n\n\n\n<h2 class=\"wp-block-heading\">Weitere Fach\u00e4rzte<\/h2>\n\n\n\n<p>Hier finden Sie weitere Fach\u00e4rzte der unterschiedlichsten Disziplinen, die Ihnen weiterhelfen k\u00f6nnten.<\/p>\n\n\n\n<figure class=\"wp-block-table\"><table><tbody><tr><td><a href=\"http:\/\/www.schluesselbad-klinik.de\">Dr. med. Siegfried Wentz<\/a><br>Chefarzt<br>Schl\u00fcsselbad Klinik Bad Peterstal-Griesbach<br>Renchtalstrasse 2<br>77740 Bad Peterstal-Griesbach \/ Germany<br><br>Tel.: +49 (0)7806\/86-0<\/td><\/tr><\/tbody><\/table><\/figure>\n\n\n\n<h2 class=\"wp-block-heading\">Ratgeber<\/h2>\n\n\n\n<h3 class=\"wp-block-heading\">Ratgeber \u201cEntspanntes B\u00fcro &#8211; nie wieder R\u00fcckenschmerzen am PC\u201d<br>von A. M. V\u00e1lki-Wollrabe<\/h3>\n\n\n<div class=\"ead-preview\"><div class=\"ead-document\" style=\"position: relative;padding-top: 90%\"><div class=\"ead-iframe-wrapper\"><iframe src=\"\/\/docs.google.com\/viewer?url=https%3A%2F%2Fmontazem.de%2Fwordpress%2Fwp-content%2Fuploads%2F2023%2F06%2FRatgeber_Entspanntes_Buero_AFleckenstein.pdf&amp;embedded=true&amp;hl=en\" title=\"Eingebettetes Dokument\" class=\"ead-iframe\" style=\"width: 100%;height: 100%;border: none;position: absolute;left: 0;top: 0;visibility: hidden;\"><\/iframe><\/div>\t\t\t<div class=\"ead-document-loading\" style=\"width:100%;height:100%;position:absolute;left:0;top:0;z-index:10\">\n\t\t\t\t<div class=\"ead-loading-wrap\">\n\t\t\t\t\t<div class=\"ead-loading-main\">\n\t\t\t\t\t\t<div class=\"ead-loading\">\n\t\t\t\t\t\t\t<img decoding=\"async\" loading=\"lazy\" src=\"https:\/\/montazem.de\/wordpress\/wp-content\/plugins\/embed-any-document\/images\/loading.svg\" width=\"55\" height=\"55\" alt=\"Loader\">\n\t\t\t\t\t\t\t<span>Wird geladen\u00a0\u2026<\/span>\n\t\t\t\t\t\t<\/div>\n\t\t\t\t\t<\/div>\n\t\t\t\t\t<div class=\"ead-loading-foot\">\n\t\t\t\t\t\t<div class=\"ead-loading-foot-title\">\n\t\t\t\t\t\t\t<img decoding=\"async\" loading=\"lazy\" src=\"https:\/\/montazem.de\/wordpress\/wp-content\/plugins\/embed-any-document\/images\/EAD-logo.svg\" alt=\"EAD-Logo\" width=\"36\" height=\"23\"\/>\n\t\t\t\t\t\t\t<span>Es dauert zu lange?<\/span>\n\t\t\t\t\t\t<\/div>\n\t\t\t\t\t\t<p>\n\t\t\t\t\t\t\t<div class=\"ead-document-btn ead-reload-btn\" role=\"button\">\n\t\t\t\t\t\t\t\t<img decoding=\"async\" loading=\"lazy\" src=\"https:\/\/montazem.de\/wordpress\/wp-content\/plugins\/embed-any-document\/images\/reload.svg\" alt=\"Neu laden\" width=\"12\" height=\"12\"\/> Dokument neu laden\t\t\t\t\t\t\t<\/div>\n\t\t\t\t\t\t\t<span>|<\/span>\n\t\t\t\t\t\t\t<a href=\"https:\/\/montazem.de\/wordpress\/wp-content\/uploads\/2023\/06\/Ratgeber_Entspanntes_Buero_AFleckenstein.pdf\" class=\"ead-document-btn\" target=\"_blank\">\n\t\t\t\t\t\t\t\t<img decoding=\"async\" loading=\"lazy\" src=\"https:\/\/montazem.de\/wordpress\/wp-content\/plugins\/embed-any-document\/images\/open.svg\" alt=\"\u00d6ffnen\" width=\"12\" height=\"12\"\/> In einem neuen Tab \u00f6ffnen\t\t\t\t\t\t\t<\/a>\n\t\t\t\t\t<\/div>\n\t\t\t\t<\/div>\n\t\t\t<\/div>\n\t\t<\/div><\/div>","protected":false},"excerpt":{"rendered":"<p>Erkrankungen, wie z.B. ein HWS-Schleudertrauma mit Instabilit\u00e4ten, k\u00f6nnen Symptome aufweisen, die in verschiedene medizinische Fachgebiete reichen oder von verschiedensten Fach\u00e4rzten diagnostiziert werden m\u00fcssen.Es ist deshalb sinnvoll, dass Fach\u00e4rzte unterschiedlicher Ausrichtungen zusammenarbeiten und die Beschwerden gemeinsam bek\u00e4mpfen.Aber auch die soziale Komponente &hellip; <a href=\"https:\/\/montazem.de\/wordpress\/index.php\/weitere-fachaerzte-und-therapeuden\/\">Weiterlesen <span class=\"meta-nav\">&rarr;<\/span><\/a><\/p>\n","protected":false},"author":2,"featured_media":0,"parent":0,"menu_order":0,"comment_status":"closed","ping_status":"closed","template":"","meta":[],"_links":{"self":[{"href":"https:\/\/montazem.de\/wordpress\/index.php\/wp-json\/wp\/v2\/pages\/253"}],"collection":[{"href":"https:\/\/montazem.de\/wordpress\/index.php\/wp-json\/wp\/v2\/pages"}],"about":[{"href":"https:\/\/montazem.de\/wordpress\/index.php\/wp-json\/wp\/v2\/types\/page"}],"author":[{"embeddable":true,"href":"https:\/\/montazem.de\/wordpress\/index.php\/wp-json\/wp\/v2\/users\/2"}],"replies":[{"embeddable":true,"href":"https:\/\/montazem.de\/wordpress\/index.php\/wp-json\/wp\/v2\/comments?post=253"}],"version-history":[{"count":7,"href":"https:\/\/montazem.de\/wordpress\/index.php\/wp-json\/wp\/v2\/pages\/253\/revisions"}],"predecessor-version":[{"id":261,"href":"https:\/\/montazem.de\/wordpress\/index.php\/wp-json\/wp\/v2\/pages\/253\/revisions\/261"}],"wp:attachment":[{"href":"https:\/\/montazem.de\/wordpress\/index.php\/wp-json\/wp\/v2\/media?parent=253"}],"curies":[{"name":"wp","href":"https:\/\/api.w.org\/{rel}","templated":true}]}}