{"id":263,"date":"2023-06-23T21:20:16","date_gmt":"2023-06-23T20:20:16","guid":{"rendered":"https:\/\/montazem.de\/wordpress\/?page_id=263"},"modified":"2023-06-24T22:25:22","modified_gmt":"2023-06-24T21:25:22","slug":"service","status":"publish","type":"page","link":"https:\/\/montazem.de\/wordpress\/index.php\/service\/","title":{"rendered":"Service"},"content":{"rendered":"\n\n\n<pre class=\"wp-block-preformatted\"><strong>Sehr geehrte Damen und Herren, liebe Patientinnen und Patienten,\n\nnach Erreichen meines Rentenalters habe ich nun meine medizinische T\u00e4tigkeit in Deutschland eingestellt. Dies bedeutet auch, dass ich keinen Vertrag mehr mit einem deutschen Krankenhaus habe und somit auch nicht mehr operativ t\u00e4tig bin.\n\nDoch seit dem ich mich zur\u00fcckgezogen habe, wurde ich vor allem von meinen fr\u00fcheren Patienten gebeten weiter zu praktizieren. Dieser Bitte komme ich nun nach und arbeite in meiner urpr\u00fcnglichen Heimat wieder als Neuro- und Wirbels\u00e4ulenchirurg in Kooperation mit Herrn Dr. Tavakoli am Shariati Hospital Isfahan.\n\n<a href=\"https:\/\/montazem.de\/wordpress\/index.php\/kontakt\/\" data-type=\"page\" data-id=\"247\">Anfragen \u00fcber Flug, Transferm\u00f6glichkeiten, Aufenthalt, Untersuchung und Behandlung k\u00f6nnen jederzeit an mich erfolgen.\n<\/a>\nAlles Gute und viele Gr\u00fcsse\n\nDr. Montazem\nNeurochirurg<\/strong><\/pre>\n\n\n\n<p>Meine Patienten von \u00fcberall her. Damit ist der Weg zu meiner Wirkungsst\u00e4tte oft recht weit und auch kostspielig.<br>Um meinen Patienten weiterhin auch \u00fcber weite Entfernungen etwas zu helfen, aber auch damit neue Patienten den Kontakt zu mir zu finden, wurde diese Seite hier eingerichtet.<\/p>\n\n\n\n<h2 class=\"wp-block-heading\">Was finden Sie hier ?<\/h2>\n\n\n\n<p>Hier k\u00f6nnen Sie zu mir pers\u00f6nlichen Kontakt aufnehmen .<\/p>\n\n\n\n<p>Sollte Sie Fragen, Anregungen oder auch Kritik zu bzw. an meinen Ausf\u00fchrungen haben, so k\u00f6nnen Sie mir gern eine <a href=\"https:\/\/montazem.de\/wordpress\/index.php\/kontakt\/\" data-type=\"page\" data-id=\"247\">E-Mail<\/a> senden.<\/p>\n\n\n\n<p>Komplexe Verletzungen, wie die am Kopf-Hals-\u00dcbergang, k\u00f6nnen nicht nur von \u00c4rzten einer Fachrichtung untersucht werden. Hier bedarf es einer Zusammenarbeit von \u00c4rzten mehrerer Fachgebiete. Wir geben hier die Adressen und Links zu <a href=\"https:\/\/montazem.de\/wordpress\/index.php\/weitere-fachaerzte-und-therapeuden\/\" data-type=\"page\" data-id=\"253\">Fach\u00e4rzten, Therapeuten sowie Vereinigungen<\/a> an, die Ihnen bei Ihren Beschwerden sowie im t\u00e4glichen Leben helfen k\u00f6nnten.<\/p>\n\n\n\n<p>Ich habe mir selbst den Anspruch gestellt, meinen Patienten und allen Interessierten mein Fachgebiet verst\u00e4ndlich nahe zu bringen. Denn wenn der Patient die Zusammenh\u00e4nge kennt, so ist eine Diagnose und Therapie erfolgreicher. Doch die Erkl\u00e4rungen gehen machmal doch nicht ohne \u201cMediziner-Latein\u201d. Um nun diese Fachbegriffe zu erkl\u00e4ren, haben wir ein <a href=\"https:\/\/montazem.de\/wordpress\/index.php\/glossar\/\" data-type=\"page\" data-id=\"275\">Glossar <\/a>eingerichtet, das wir sukzessive erweitern werden.<\/p>\n\n\n\n<p>Nat\u00fcrlich habe ich mich bei meinen Erl\u00e4uterungen auch auf Bild- und Informationsmaterial einiger Kollegen gest\u00fctzt. Wie bei jeder wissenschaftlichen Ausarbeitung finden Sie hier ein <a href=\"https:\/\/montazem.de\/wordpress\/index.php\/literaturnachweis\/\" data-type=\"page\" data-id=\"250\">Literaturverzeichnis<\/a>.<\/p>\n","protected":false},"excerpt":{"rendered":"<p>Sehr geehrte Damen und Herren, liebe Patientinnen und Patienten, nach Erreichen meines Rentenalters habe ich nun meine medizinische T\u00e4tigkeit in Deutschland eingestellt. Dies bedeutet auch, dass ich keinen Vertrag mehr mit einem deutschen Krankenhaus habe und somit auch nicht mehr &hellip; <a href=\"https:\/\/montazem.de\/wordpress\/index.php\/service\/\">Weiterlesen <span class=\"meta-nav\">&rarr;<\/span><\/a><\/p>\n","protected":false},"author":1,"featured_media":0,"parent":0,"menu_order":0,"comment_status":"closed","ping_status":"closed","template":"","meta":[],"_links":{"self":[{"href":"https:\/\/montazem.de\/wordpress\/index.php\/wp-json\/wp\/v2\/pages\/263"}],"collection":[{"href":"https:\/\/montazem.de\/wordpress\/index.php\/wp-json\/wp\/v2\/pages"}],"about":[{"href":"https:\/\/montazem.de\/wordpress\/index.php\/wp-json\/wp\/v2\/types\/page"}],"author":[{"embeddable":true,"href":"https:\/\/montazem.de\/wordpress\/index.php\/wp-json\/wp\/v2\/users\/1"}],"replies":[{"embeddable":true,"href":"https:\/\/montazem.de\/wordpress\/index.php\/wp-json\/wp\/v2\/comments?post=263"}],"version-history":[{"count":5,"href":"https:\/\/montazem.de\/wordpress\/index.php\/wp-json\/wp\/v2\/pages\/263\/revisions"}],"predecessor-version":[{"id":282,"href":"https:\/\/montazem.de\/wordpress\/index.php\/wp-json\/wp\/v2\/pages\/263\/revisions\/282"}],"wp:attachment":[{"href":"https:\/\/montazem.de\/wordpress\/index.php\/wp-json\/wp\/v2\/media?parent=263"}],"curies":[{"name":"wp","href":"https:\/\/api.w.org\/{rel}","templated":true}]}}