{"id":275,"date":"2023-06-24T22:23:43","date_gmt":"2023-06-24T21:23:43","guid":{"rendered":"https:\/\/montazem.de\/wordpress\/?page_id=275"},"modified":"2023-06-24T22:23:43","modified_gmt":"2023-06-24T21:23:43","slug":"glossar","status":"publish","type":"page","link":"https:\/\/montazem.de\/wordpress\/index.php\/glossar\/","title":{"rendered":"Glossar"},"content":{"rendered":"\n<h2 class=\"wp-block-heading\">A<a><\/a><\/h2>\n\n\n\n<h4 class=\"wp-block-heading\"><strong>Arachnoidea (mater)<\/strong><\/h4>\n\n\n\n<p>Spinnwebenhaut, bindegewebige Membran, die \u00fcber die Furchen und Windungen des Gehirns und R\u00fcckenmarks hinwegzieht, bildet mit der Pia mater die weiche Hirn- und R\u00fcckenmarkshaut (Leptomeninx)<\/p>\n\n\n\n<h2 class=\"wp-block-heading\">B<\/h2>\n\n\n\n<h3 class=\"wp-block-heading\"><a href=\"http:\/\/www.montazem.de\/deutsch\/html\/body_glossar.html#top\"><\/a><\/h3>\n\n\n\n<h3 class=\"wp-block-heading\"><a href=\"http:\/\/www.montazem.de\/deutsch\/html\/body_glossar.html#top\"><\/a><\/h3>\n\n\n\n<h2 class=\"wp-block-heading\">C<a><\/a><\/h2>\n\n\n\n<h4 class=\"wp-block-heading\"><strong>C-Arm-R\u00f6ntgenapparat<\/strong><\/h4>\n\n\n<div class=\"wp-block-image\">\n<figure class=\"alignleft size-full\"><img decoding=\"async\" loading=\"lazy\" width=\"380\" height=\"298\" src=\"https:\/\/montazem.de\/wordpress\/wp-content\/uploads\/2023\/06\/cARMROENTGEN.jpg\" alt=\"C-Arm-R\u00f6ntgenapparat\" class=\"wp-image-276\" srcset=\"https:\/\/montazem.de\/wordpress\/wp-content\/uploads\/2023\/06\/cARMROENTGEN.jpg 380w, https:\/\/montazem.de\/wordpress\/wp-content\/uploads\/2023\/06\/cARMROENTGEN-300x235.jpg 300w\" sizes=\"(max-width: 380px) 100vw, 380px\" \/><figcaption class=\"wp-element-caption\">C-Arm-R\u00f6ntgenapparat<\/figcaption><\/figure><\/div>\n\n\n<p>Mobiler R\u00f6ntgenapparat.<br>Man kann das Ger\u00e4t sehr flexibel benutzen, um in verschiedensten Lagen R\u00f6ntgenbilder zu erstellen. Diese Apparate werden bei Operationen benutzt, aber auch in der Tiermedizin.<br>Ich benutze das Ger\u00e4t, um z.B. funktionale Aufnahmen vom Hals-Kopf-\u00dcbergang anzufertigen.<br>&nbsp;<\/p>\n\n\n\n<p><\/p>\n\n\n\n<h4 class=\"wp-block-heading\"><strong>Computertomographie<\/strong><\/h4>\n\n\n\n<p>Abk\u00fcrzung: CT.<br>R\u00f6ntgendiagnostisches, computergest\u00fctztes bildgebendes Verfahren. Mittels einer R\u00f6ntgenr\u00f6hre und eines speziellen Blendensystems wird ein schmaler F\u00e4cherstrahl erzeugt, der innerhalb der durchstrahlten K\u00f6rperschicht des Patienten in Abh\u00e4ngigkeit von den vorhandenen Strukturen verschieden stark geschw\u00e4cht wird. Mittels eines mit einer Vielzahl von Detektoren best\u00fcckten Detektorkranzes wird diese abgeschw\u00e4chte R\u00f6ntgenstrahlung als Signal empfangen, elektronisch aufbereitet und einem Rechner zugef\u00fchrt. W\u00e4hrend der Signalakquisition dreht sich das System aus R\u00f6hre und Detektoren gemeinsam um die Mitte des kreisf\u00f6rmigen Messfeldes. Auf diese Weise werden viele verschiedene Projektionen&nbsp; derselben Schicht erzeugt und im Rechner zu einem Bild verarbeitet, das die Verteilung der Schw\u00e4chungswerte in der durchstrahlten K\u00f6rperschicht darstellt. Die Schw\u00e4chungswerte werden als Hounsfeld-Einheiten (HE) angegeben, sind auf Wasser bezogen (0 HE) und sollten in Form einer Grautonskala jedem Bild beigeordnet sein. Die Dichtewerte erlauben in&nbsp; gewissen Grenzen eine Gewebeerkennung (Luft: -1000 HE, Blut: 20-30 HE, Knochen: bis 500 HE). Beim Vergleich mit den \u00fcblichen R\u00f6ntgenbildern weisen CT-Bilder eine wesentlich h\u00f6here Kontrast- jedoch geringere Struktur- und Formaufl\u00f6sung auf. Die CT dient insbesondere zum Nachweis umschriebener und diffuser morphologischer Ver\u00e4nderungen (z.B. Tumore, Metastasen, Abszesse etc.) in Erg\u00e4nzung zur Ultraschalldiagnostik, Szintigraphie, konventionellen R\u00f6ntgendiagnostik und Kernspintomographie.<br>&nbsp;<\/p>\n\n\n\n<h4 class=\"wp-block-heading\"><strong>cranial<\/strong><\/h4>\n\n\n\n<p>siehe kranial<br>&nbsp;<\/p>\n\n\n\n<h4 class=\"wp-block-heading\"><strong>craniocervikal<\/strong><\/h4>\n\n\n\n<p>siehe kraniocervikal<br>&nbsp;<\/p>\n\n\n\n<h3 class=\"wp-block-heading\"><a href=\"http:\/\/www.montazem.de\/deutsch\/html\/body_glossar.html#top\"><\/a><br><strong>D<\/strong><\/h3>\n\n\n\n<h4 class=\"wp-block-heading\"><strong>dorsal<\/strong><\/h4>\n\n\n\n<p>dorsalis, zum R\u00fccken geh\u00f6rig, nach dem R\u00fccken hin liegend, r\u00fcckseitig<br>&nbsp;<\/p>\n\n\n\n<h4 class=\"wp-block-heading\"><strong>Dura (mater spinalis)<\/strong><\/h4>\n\n\n\n<p>Harte R\u00fcckenmarkshaut, besteht aus einem \u00e4usseren und einem inneren Blatt (Duralsack), die durch das Cavum epidurale getrennt sind. Der Duralsack umh\u00fcllt das R\u00fcckenmark, die Cauda equina und mit seitlichen Aussackungen die Spinalganglien. Die Dura reicht \u00fcber das R\u00fcckenmark heraus bis zum 2.-3. Sakralwirbel.<br>&nbsp;<\/p>\n\n\n\n<h3 class=\"wp-block-heading\"><a href=\"http:\/\/www.montazem.de\/deutsch\/html\/body_glossar.html#top\"><\/a><br><strong>E<\/strong><\/h3>\n\n\n\n<h4 class=\"wp-block-heading\"><strong>Epiduralraum<\/strong><\/h4>\n\n\n\n<p>Zusammenh\u00e4ngender Raum, der innerhalb der gesamte Wirbels\u00e4ule zwischen den Innenfl\u00e4chen der Wirbelbogen bzw. den sie verbindenden B\u00e4ndern und der Dura mater liegt, enth\u00e4lt epidurale Venen, Fettgewebe und Lymphkapillaren, theoretisches Fassungsverm\u00f6gen dieses Raums beim Erwachsenen 120 ml.<br>&nbsp;<\/p>\n\n\n\n<h4 class=\"wp-block-heading\"><strong>Eustachische R\u00f6hre<\/strong><\/h4>\n\n\n\n<p>Auch Eustachio-R\u00f6hre, oder auch Tuba auditiva, ist die Ohrtrompete.<br>&nbsp;<\/p>\n\n\n\n<h3 class=\"wp-block-heading\"><a href=\"http:\/\/www.montazem.de\/deutsch\/html\/body_glossar.html#top\"><\/a><br><strong>F<\/strong><\/h3>\n\n\n\n<h4 class=\"wp-block-heading\"><strong>Facialis-Nerv<\/strong><\/h4>\n\n\n\n<p>Facialis (lat.: facies, Gesicht) heisst zum Gesicht geh\u00f6rend. Der Facialis-Nerv bezeichnet also den Gesichtsnerv, auch Nervus facialis genannt. Dieser steuert unter anderem die mimischen Muskeln, die Tr\u00e4nen-, Nasen- und Speicheldr\u00fcsen, den \u00e4usseren Geh\u00f6rgang, die Ohrmuschel sowie den Geschmack (vordere zwei Drittel der Zunge)<br>&nbsp;<\/p>\n\n\n\n<h4 class=\"wp-block-heading\"><strong>Foramen<\/strong><\/h4>\n\n\n\n<p>foramen (lat.) Loch. Bezeichnung f\u00fcr eine anatomische \u00d6ffnung in einer Membran oder einem Knochen.<br>&nbsp;<\/p>\n\n\n\n<h4 class=\"wp-block-heading\"><strong>Foramen magnum<\/strong><\/h4>\n\n\n\n<p>Grosses Hinterhauptloch. \u00d6ffnung im Okzipitalknochen, durch die das R\u00fcckenmark in die Wirbels\u00e4ule eintritt.<br>&nbsp;<\/p>\n\n\n\n<h4 class=\"wp-block-heading\"><strong>Foramen transversarium (vertebrae cervikales)<\/strong><\/h4>\n\n\n\n<p>Loch in den Querforts\u00e4tzen der Halswirbel f\u00fcr den Druchtritt von Arterien und Venen (A. u. V. vertebralis)<br>&nbsp;<\/p>\n\n\n\n<h3 class=\"wp-block-heading\"><br><strong><a href=\"http:\/\/www.montazem.de\/deutsch\/html\/body_glossar.html#top\"><\/a>G<\/strong><\/h3>\n\n\n\n<h3 class=\"wp-block-heading\"><a href=\"http:\/\/www.montazem.de\/deutsch\/html\/body_glossar.html#top\"><\/a><br><strong>H<\/strong><\/h3>\n\n\n\n<h4 class=\"wp-block-heading\"><strong>Hiatus<\/strong><\/h4>\n\n\n\n<p>hiare (lat.): offenstehen. Meist physiologische \u00d6ffnung oder Spalt in einer Membran oder anderen K\u00f6rperstruktur.<br>&nbsp;<\/p>\n\n\n\n<h4 class=\"wp-block-heading\"><strong>Hypophyse<\/strong><\/h4>\n\n\n\n<p>Hirnanhangdr\u00fcse, die auf der Hirnbasis aufliegt. Die Hypophyse ist ein innersekretorisches Organ und reguliert die Funktion der \u00fcbrigen Hormondr\u00fcsen. Der vordere Lappen der Hypophyse heisst Adenohypophyse, der hintere Neurohypophyse<br>&nbsp;<\/p>\n\n\n\n<h3 class=\"wp-block-heading\"><a href=\"http:\/\/www.montazem.de\/deutsch\/html\/body_glossar.html#top\"><\/a><br><strong>I<\/strong><\/h3>\n\n\n\n<h4 class=\"wp-block-heading\"><strong>Intercostalneuralgie<\/strong><\/h4>\n\n\n\n<p>Schmerzsymptome, die sich auf Nerven zwischen (inter-) den Rippen (costalis) beziehen.<br>&nbsp;<\/p>\n\n\n\n<h3 class=\"wp-block-heading\"><a href=\"http:\/\/www.montazem.de\/deutsch\/html\/body_glossar.html#top\"><\/a><br><strong>J<\/strong><\/h3>\n\n\n\n<h3 class=\"wp-block-heading\"><a href=\"http:\/\/www.montazem.de\/deutsch\/html\/body_glossar.html#top\"><\/a><br><strong>K<\/strong><\/h3>\n\n\n\n<h4 class=\"wp-block-heading\"><strong>kaudal<\/strong><\/h4>\n\n\n\n<p>Von lat: cauda, Schwanz. In der Tiermedizin :schwanzw\u00e4rts, hier gemeint als vom Kopf weg.<br>&nbsp;<\/p>\n\n\n\n<h4 class=\"wp-block-heading\"><strong>Kernspintomographie<\/strong><\/h4>\n\n\n\n<p>Computergest\u00fctztes bildgebendes Verfahren, das auf dem Prinzip der Magnetresonanz (NMR) beruht. Daher auch MRT genannt. Im Gegensatz zur konventionellen R\u00f6ntgendiagnostik bzw. Computertomographie wird hierbei keine ionisierende Strahlung verwendet, sondern die Energie gemessen, die unter Einfluss eines von aussen angelegten starken Magnetfeldes aus dem K\u00f6per in Form von elektromagnetischen Wellen austritt. Dabei wird das Verhalten von Atomkernen in hochfrequenten Magnetfeldern ausgenutzt. Die Signale aus verschieden beliebig w\u00e4hlbaren K\u00f6rperschichten lassen sich mit Hilfe eines Rechners zu zwei- oder dreidimensionalen Schichtbildern zusammensetzen. Unter Verwendung von supraleitenden Magneten, die besonders stabile Magnetfelder mit hoher Flussdichte erzeugen, ist eine der Computertomographie meist \u00fcberlegene. sehr hohe Kontrastaufl\u00f6sung und Darstellung kleiner anatomischer Strukturen m\u00f6glich.<br>F\u00fcr bestimmte Fragestellungen werden zus\u00e4tzlich MRT-Kontrastmittel eingesetzt. Die Bedeutung dieses Verfahrens liegt darin, dass damit unterschiedliche Gewebe dargestellt werden k\u00f6nnen, die nicht in ihrer Dichte bzw. ihrem Absorptionseigenschaften gegen\u00fcber ionisierender Strahlung unterscheiden, sondern in ihrer Protonendichte und in deren chemischer Bindung.<br>&nbsp;<\/p>\n\n\n\n<h4 class=\"wp-block-heading\"><strong>Kondylen<\/strong><\/h4>\n\n\n\n<p>Von Kondylus (Gelenkkopf), auch griech.: kondylus, Kn\u00f6chel. Abgerundeter Fortsatz eines Knochens, an dem Muskelb\u00e4nder befestigt sind und der mit benachbarten Kochen ein Gelenk bildet.<br>&nbsp;<\/p>\n\n\n\n<h4 class=\"wp-block-heading\"><strong>konkav<\/strong><\/h4>\n\n\n\n<p>Nach innen gew\u00f6lbt (lat.: concavare, aush\u00f6hlen)<br>&nbsp;<\/p>\n\n\n\n<h4 class=\"wp-block-heading\"><strong>kranial<\/strong><\/h4>\n\n\n\n<p>von Kranion, griech. f\u00fcr Sch\u00e4del: den Kopf betreffend.<br>&nbsp;<\/p>\n\n\n\n<h4 class=\"wp-block-heading\"><strong>kraniocervikal<\/strong><\/h4>\n\n\n\n<p>auch craniocervikal. Die Kreuzung von Sch\u00e4del und Nacken, insbesondere das Foramen magnum und das Kopfgelenk, betreffend.<br>&nbsp;<\/p>\n\n\n\n<h4 class=\"wp-block-heading\"><strong>konvex<\/strong><\/h4>\n\n\n\n<p>Nach aussen gew\u00f6lbt (lat.: convextus, gew\u00f6lbt)<br>&nbsp;<\/p>\n\n\n\n<h3 class=\"wp-block-heading\"><a href=\"http:\/\/www.montazem.de\/deutsch\/html\/body_glossar.html#top\"><\/a><br><strong>L<\/strong><\/h3>\n\n\n\n<h4 class=\"wp-block-heading\"><strong>lateral<\/strong><\/h4>\n\n\n\n<p>lateralis (lat.) 1. Seitlich, zu einer Seite geh\u00f6rend. 2. Von der Mitte entfernt gelegen. 3. Rechts oder Links von einer Mittellinie.<br>&nbsp;<\/p>\n\n\n\n<h4 class=\"wp-block-heading\"><strong>Liquor<\/strong><\/h4>\n\n\n\n<p>Fl\u00fcssigkeit, hier wird dieser Begriff f\u00fcr Liquor cerebrospinalis, also die Gehirn- und R\u00fcckenmarkfl\u00fcssigkeit, verwendet.<br>&nbsp;<\/p>\n\n\n\n<h3 class=\"wp-block-heading\"><a href=\"http:\/\/www.montazem.de\/deutsch\/html\/body_glossar.html#top\"><\/a><br><strong>M<\/strong><\/h3>\n\n\n\n<h4 class=\"wp-block-heading\"><strong>MRT<\/strong><\/h4>\n\n\n\n<p>Abk\u00fcrzung f\u00fcr Magnetresonanztomographie, siehe Kernspintomographie<br>&nbsp;<\/p>\n\n\n\n<h3 class=\"wp-block-heading\"><a href=\"http:\/\/www.montazem.de\/deutsch\/html\/body_glossar.html#top\"><\/a><br><strong>N<\/strong><\/h3>\n\n\n\n<h4 class=\"wp-block-heading\"><strong>NMR<\/strong><\/h4>\n\n\n\n<p>Abk\u00fcrzung f\u00fcr das englische nucleus magnetic resonance, siehe MRT.<br>&nbsp;<\/p>\n\n\n\n<h3 class=\"wp-block-heading\"><a href=\"http:\/\/www.montazem.de\/deutsch\/html\/body_glossar.html#top\"><\/a><br><strong>O<\/strong><\/h3>\n\n\n\n<h4 class=\"wp-block-heading\"><strong>Osteoporose<\/strong><\/h4>\n\n\n\n<p>Erkrankung des Skelettsystems mit Verlust oder Verminderung von Knochensubstanz und -struktur, erh\u00f6htre Frakturanf\u00e4lligkeit.<br>&nbsp;<\/p>\n\n\n\n<h3 class=\"wp-block-heading\"><a href=\"http:\/\/www.montazem.de\/deutsch\/html\/body_glossar.html#top\"><\/a><br><strong>P<\/strong><\/h3>\n\n\n\n<h4 class=\"wp-block-heading\"><strong>Peripheres Nervensystem<\/strong><\/h4>\n\n\n\n<p>Das periphere Nervensystem umfasst die Hirnnerven, die R\u00fcckenmarksnerven und die peripheren Ganglien.<br>&nbsp;<\/p>\n\n\n\n<h4 class=\"wp-block-heading\"><strong>PET<\/strong><\/h4>\n\n\n\n<p>Abk\u00fcrzung f\u00fcr Positronen-Emissionscomputertomographie, rechnergest\u00fctztes Schnittbildverfahren, der Szintigraphie, von dem Patienten injizierten Radionnuklid, einer schwach radioaktiven Substanz, geht eine Strahlung aus. Diese kann mit Hilfe von speziellen Ringdetektoren rechnergest\u00fctzt registriert und abgebildet werden. Bei der PET kommen positronenstrahlende Radionuklide zum Einsatz<br>&nbsp;<\/p>\n\n\n\n<h4 class=\"wp-block-heading\"><strong>Pia mater<\/strong><\/h4>\n\n\n\n<p>Gef\u00e4ssf\u00fchrender Teil der weichen Hirnhaut.<br>&nbsp;<\/p>\n\n\n\n<h3 class=\"wp-block-heading\"><a href=\"http:\/\/www.montazem.de\/deutsch\/html\/body_glossar.html#top\"><\/a><br><strong>Q<\/strong><\/h3>\n\n\n\n<h3 class=\"wp-block-heading\"><a href=\"http:\/\/www.montazem.de\/deutsch\/html\/body_glossar.html#top\"><\/a><br><strong>R<\/strong><\/h3>\n\n\n\n<h3 class=\"wp-block-heading\"><a href=\"http:\/\/www.montazem.de\/deutsch\/html\/body_glossar.html#top\"><\/a><br><strong>S<\/strong><\/h3>\n\n\n\n<h4 class=\"wp-block-heading\"><strong>sacral\/sakral<\/strong><\/h4>\n\n\n\n<p>sacralis (lat.) zum Kreuzbein geh\u00f6rend<br>&nbsp;<\/p>\n\n\n\n<h4 class=\"wp-block-heading\"><strong>Sakralan\u00e4sthesie<\/strong><\/h4>\n\n\n\n<p>Unempfindlichkeit im Gebiet der Sakralnerven.<br>&nbsp;<\/p>\n\n\n\n<h4 class=\"wp-block-heading\"><strong>SPECT<\/strong><\/h4>\n\n\n\n<p>Abk\u00fcrzung f\u00fcr Single-Photon-Emissionscomputertomographie, rechnergest\u00fctztes Schnittbildverfahren, der Szintigraphie, von dem Patienten injizierten Radionnuklid, einer schwach radioaktiven Substanz, geht eine Strahlung aus. Diese kann mit Hilfe von rotierenden Detektoren einer Gammakamera rechnergest\u00fctzt registriert und abgebildet werden. Bei der SPECT kommen gammastrahlende Radionuklide zum Einsatz<br>&nbsp;<\/p>\n\n\n\n<h4 class=\"wp-block-heading\"><strong>Subarachnoidalraum<\/strong><\/h4>\n\n\n\n<p>Liquorraum zwischen Arachnoidea mater und Pia mater.<br>&nbsp;<\/p>\n\n\n\n<h4 class=\"wp-block-heading\"><strong>Szintigraphie<\/strong><\/h4>\n\n\n\n<p>Nuklearmedizinisches bildgebendes Verfahren zur Aufzeichnung der r\u00e4umlichen und\/oder zeitlichen Verteilung von Radiopharmaka im K\u00f6rper oder in Organen.<br>&nbsp;<\/p>\n\n\n\n<h3 class=\"wp-block-heading\"><a href=\"http:\/\/www.montazem.de\/deutsch\/html\/body_glossar.html#top\"><\/a><br><strong>T<\/strong><\/h3>\n\n\n\n<h4 class=\"wp-block-heading\"><strong>Tinnitus<\/strong><\/h4>\n\n\n\n<p>von lat. tinnire (Klingeln), Erkrankung mit Ohrger\u00e4uschen<br>&nbsp;<\/p>\n\n\n\n<h3 class=\"wp-block-heading\"><a href=\"http:\/\/www.montazem.de\/deutsch\/html\/body_glossar.html#top\"><\/a><br><strong>U<\/strong><\/h3>\n\n\n\n<h3 class=\"wp-block-heading\"><a href=\"http:\/\/www.montazem.de\/deutsch\/html\/body_glossar.html#top\"><\/a><br><strong>V<\/strong><\/h3>\n\n\n\n<h4 class=\"wp-block-heading\"><strong>ventral<\/strong><\/h4>\n\n\n\n<p>ventralis (lat.): bauchw\u00e4rts, zum Bauch geh\u00f6rend.<br>&nbsp;<\/p>\n\n\n\n<h4 class=\"wp-block-heading\"><strong>vertebral<\/strong><\/h4>\n\n\n\n<p>Zu einem oder mehreren Wirbeln geh\u00f6rend, diese betreffend oder aus Wirbeln bestehend, z.B. Columna vertebralis (Wirbels\u00e4ule).<br>&nbsp;<\/p>\n\n\n\n<h3 class=\"wp-block-heading\"><a href=\"http:\/\/www.montazem.de\/deutsch\/html\/body_glossar.html#top\"><\/a><br><strong>W<\/strong><\/h3>\n\n\n\n<h3 class=\"wp-block-heading\"><a href=\"http:\/\/www.montazem.de\/deutsch\/html\/body_glossar.html#top\"><\/a><br><strong>X<\/strong><\/h3>\n\n\n\n<h3 class=\"wp-block-heading\"><a href=\"http:\/\/www.montazem.de\/deutsch\/html\/body_glossar.html#top\"><\/a><br><strong>Y<\/strong><\/h3>\n\n\n\n<h3 class=\"wp-block-heading\"><a href=\"http:\/\/www.montazem.de\/deutsch\/html\/body_glossar.html#top\"><\/a><br><strong>Z<\/strong><\/h3>\n\n\n\n<h4 class=\"wp-block-heading\"><strong>zerebral<\/strong><\/h4>\n\n\n\n<p>von lat. cerebrum, Wortteil mit der Bedeutung Gehirn<\/p>\n","protected":false},"excerpt":{"rendered":"<p>A Arachnoidea (mater) Spinnwebenhaut, bindegewebige Membran, die \u00fcber die Furchen und Windungen des Gehirns und R\u00fcckenmarks hinwegzieht, bildet mit der Pia mater die weiche Hirn- und R\u00fcckenmarkshaut (Leptomeninx) B C C-Arm-R\u00f6ntgenapparat Mobiler R\u00f6ntgenapparat.Man kann das Ger\u00e4t sehr flexibel benutzen, um &hellip; <a href=\"https:\/\/montazem.de\/wordpress\/index.php\/glossar\/\">Weiterlesen <span class=\"meta-nav\">&rarr;<\/span><\/a><\/p>\n","protected":false},"author":1,"featured_media":0,"parent":0,"menu_order":0,"comment_status":"closed","ping_status":"closed","template":"","meta":[],"_links":{"self":[{"href":"https:\/\/montazem.de\/wordpress\/index.php\/wp-json\/wp\/v2\/pages\/275"}],"collection":[{"href":"https:\/\/montazem.de\/wordpress\/index.php\/wp-json\/wp\/v2\/pages"}],"about":[{"href":"https:\/\/montazem.de\/wordpress\/index.php\/wp-json\/wp\/v2\/types\/page"}],"author":[{"embeddable":true,"href":"https:\/\/montazem.de\/wordpress\/index.php\/wp-json\/wp\/v2\/users\/1"}],"replies":[{"embeddable":true,"href":"https:\/\/montazem.de\/wordpress\/index.php\/wp-json\/wp\/v2\/comments?post=275"}],"version-history":[{"count":4,"href":"https:\/\/montazem.de\/wordpress\/index.php\/wp-json\/wp\/v2\/pages\/275\/revisions"}],"predecessor-version":[{"id":281,"href":"https:\/\/montazem.de\/wordpress\/index.php\/wp-json\/wp\/v2\/pages\/275\/revisions\/281"}],"wp:attachment":[{"href":"https:\/\/montazem.de\/wordpress\/index.php\/wp-json\/wp\/v2\/media?parent=275"}],"curies":[{"name":"wp","href":"https:\/\/api.w.org\/{rel}","templated":true}]}}