{"id":72,"date":"2023-03-20T20:42:55","date_gmt":"2023-03-20T19:42:55","guid":{"rendered":"https:\/\/montazem.de\/wordpress\/?page_id=72"},"modified":"2023-03-20T20:42:58","modified_gmt":"2023-03-20T19:42:58","slug":"die-brustwirbelsaeule","status":"publish","type":"page","link":"https:\/\/montazem.de\/wordpress\/index.php\/die-brustwirbelsaeule\/","title":{"rendered":"Die Brustwirbels\u00e4ule"},"content":{"rendered":"<div class=\"wp-block-image\">\n<figure class=\"alignright size-full\"><img decoding=\"async\" loading=\"lazy\" width=\"377\" height=\"242\" src=\"https:\/\/montazem.de\/wordpress\/wp-content\/uploads\/2023\/03\/Brustwirbel.jpg\" alt=\"\" class=\"wp-image-74\" srcset=\"https:\/\/montazem.de\/wordpress\/wp-content\/uploads\/2023\/03\/Brustwirbel.jpg 377w, https:\/\/montazem.de\/wordpress\/wp-content\/uploads\/2023\/03\/Brustwirbel-300x193.jpg 300w\" sizes=\"(max-width: 377px) 100vw, 377px\" \/><figcaption class=\"wp-element-caption\">Brustwirbel<\/figcaption><\/figure><\/div>\n\n<div class=\"wp-block-image\">\n<figure class=\"alignright size-full\"><img decoding=\"async\" loading=\"lazy\" width=\"269\" height=\"231\" src=\"https:\/\/montazem.de\/wordpress\/wp-content\/uploads\/2023\/03\/Brustwirbel2.jpg\" alt=\"\" class=\"wp-image-75\"\/><figcaption class=\"wp-element-caption\">Brustwirbel (Seitenansicht)<\/figcaption><\/figure><\/div>\n\n\n<p>Die 12 Brustwirbel sind gr\u00f6sser als die Hals-, aber kleiner als die Lendenwirbel. Die Wirbelk\u00f6rper sind herzf\u00f6rmig und vorn etwas niedriger als hinten. Man erkennt die Brustwirbel leicht an den Foveae costales an beiden Seiten und an den Querforts\u00e4tzen. Diese Foveae sind Gelenkfl\u00e4chen und bilden zusammen mit den Gelenkfl\u00e4chen am korrespon- dierenden Rippenkopf und -h\u00f6cker Gelenke (Articulatio capitis costae). Auch die Brustwirbel haben ein Wirbelloch (Foramen <img decoding=\"async\" loading=\"lazy\" width=\"269\" height=\"231\" src=\"\" alt=\"Brustwirbel seitlich\">vertebrale), dieses ist jedoch kleiner und st\u00e4rker gerundet als das der Halswirbel, weil der R\u00fcckenmarkstrang im Bereich des Brustwirbelkanals kleiner\u00a0 und runder ist als im Hals- bereich.<br>Der obere Gelenkfortsatz (Processus articularis superior) eines typischen Brustwirbels erhebt sich \u00fcber der Verbindungsstelle zwischen Bogenfuss und Bogenplatte. Die Gelenkfl\u00e4che ist, wie man im Bild sieht, nach hinten und leicht nach oben und aussen geneigt. Der untere Gelenkfortsatz (Processus articularis inferior) ist vom vorderen Abschnitt der Bogenplatte nach vorn unten und innen gerichtet.<br>Die Dornforts\u00e4tze der Brustwirbel sind in der Mehrzahl lang und nach unten und hinten gerichtet. Nur die der obersten und die untersten Brustwirbel sind nicht ganz so nach unten gerichtet.<br>Die Querforts\u00e4tze sind auch relativ lang. An den Spitzen befinden sich Gelenkfl\u00e4chen (Fovea costalis processus transversi). Diese bilden das Gegenst\u00fcck zu den Gelenkfl\u00e4chen an den Rippenh\u00f6ckerchen. Nur die letzten zwei, manchmal auch drei, Brustwirbel besitzen diese Gelenkfl\u00e4chen nicht.<br>Wie bei der Halswirbels\u00e4ule gibt es auch bei der Brustwirbels\u00e4ule B\u00e4nder: Die Ligamenta longitudinalia anterius und posterius verbinden benachbarte Wirbel- k\u00f6rper. Das Lig. longitudinalia anterius ist an den Vorderfl\u00e4chen der Wirbelk\u00f6rper verankert. Einzelne Fasern k\u00f6nnen sich auch \u00fcber mehrere Wirbelk\u00f6rper erstrecken. Das Lig. longitudinalia posterius ist an der Hinterseite der Wirbel befestigt. Es liegt innerhalb des Wirbelkanals. Die Ligg. intertransversaria verbinden die Querforts\u00e4tze benachbarter Wirbel. Ligg. Lava sind recht dick und gelb. Sie verbinden die Bogenplatten. Ligg. supraspinalia und interspinalia verbinden die Dornforts\u00e4tze. Lig. supraspinalia liegt an den Spitzen, Lig. interspinalia an der Dornfortsatzwurzel, das letztere ist dabei recht d\u00fcnn und membranartig. Die Brustwirbel haben, wie man sieht, relativ viele Gelenkfl\u00e4chen. Die dazugeh\u00f6rigen Gelenke haben eine fibr\u00f6se Gelenkkapsel.<\/p>\n\n\n\n<h2 class=\"wp-block-heading\">Die Wirbel-Rippen-Verbindungen<\/h2>\n\n\n\n<p>Die Brustwirbel zeichnen sich dadurch aus, dass von ihnen die Rippen des Menschen ausgehen. Die Rippen sind mit den Wirbeln und deren Querforts\u00e4tzen mittels B\u00e4ndern und Gelenken verbunden :<\/p>\n\n\n<div class=\"wp-block-image\">\n<figure class=\"alignleft size-full\"><img decoding=\"async\" loading=\"lazy\" width=\"294\" height=\"326\" src=\"https:\/\/montazem.de\/wordpress\/wp-content\/uploads\/2023\/03\/bws_rippen.jpg\" alt=\"\" class=\"wp-image-78\" srcset=\"https:\/\/montazem.de\/wordpress\/wp-content\/uploads\/2023\/03\/bws_rippen.jpg 294w, https:\/\/montazem.de\/wordpress\/wp-content\/uploads\/2023\/03\/bws_rippen-271x300.jpg 271w\" sizes=\"(max-width: 294px) 100vw, 294px\" \/><figcaption class=\"wp-element-caption\">Brustwirbels\u00e4ule &#8211; Rippen<\/figcaption><\/figure><\/div>\n\n\n<p>Articulatio capitis costae ist ein Gelenk mit Gelenkkapsel, das von Wirbel und Rippenkopf gebildet wird. Der Kopf der 2. bis 10. Rippe artikuliert jeweils mit zwei Wirbeln und wird mit den entsprechenden Zwischen- wirbelscheiben durch das Lig. capitis costae intraarticulare verbunden. Das Lig. capitis costae radiatum verbindet die Vorderseite des Rippenkopfes mit den Seiten des n\u00e4chsth\u00f6heren und -tieferen Wirbel sowie den entsprechenden Zwischenwirbelscheiben (auch Bandscheibe genannt).<br>Das Gelenk Articulatio costotransversaria liegt zwischen den Gelenkfl\u00e4chen der Querforts\u00e4tze und des Rippenh\u00f6ckers. Auch dieses Gelenk wird durch B\u00e4nder gesichert : Das Lig. costotransversarium verbindet den Rippenhals mit dem angrenzenden Querfortsatz. Das Lig. costotransversarium superius liegt zwischen Rippenhals und Querfortsatz der n\u00e4chsth\u00f6heren Rippe. Lig.&nbsp; costotransversarium laterale verbindet das Ende des Querfortsatzes mit dem entsprechenden Rippenh\u00f6ckerteils, das keine Gelenkfl\u00e4che besitzt.<\/p>\n\n\n\n<p>Wie man sieht, ist auch die Brustwirbels\u00e4ule ein recht kompliziertes \u201cGebilde\u201d aus Wirbeln, B\u00e4ndern, Bandscheiben und Rippen. Und auch hier sind leider <a href=\"file:\/\/\/C:\/Dokumente\/Business\/monti\/MONTI_ALT\/deutsch\/html\/der_bws.html\">Verletzungen<\/a> verschiedenster Art m\u00f6glich.<\/p>\n","protected":false},"excerpt":{"rendered":"<p>Die 12 Brustwirbel sind gr\u00f6sser als die Hals-, aber kleiner als die Lendenwirbel. Die Wirbelk\u00f6rper sind herzf\u00f6rmig und vorn etwas niedriger als hinten. Man erkennt die Brustwirbel leicht an den Foveae costales an beiden Seiten und an den Querforts\u00e4tzen. Diese &hellip; <a href=\"https:\/\/montazem.de\/wordpress\/index.php\/die-brustwirbelsaeule\/\">Weiterlesen <span class=\"meta-nav\">&rarr;<\/span><\/a><\/p>\n","protected":false},"author":1,"featured_media":0,"parent":0,"menu_order":0,"comment_status":"closed","ping_status":"closed","template":"","meta":[],"_links":{"self":[{"href":"https:\/\/montazem.de\/wordpress\/index.php\/wp-json\/wp\/v2\/pages\/72"}],"collection":[{"href":"https:\/\/montazem.de\/wordpress\/index.php\/wp-json\/wp\/v2\/pages"}],"about":[{"href":"https:\/\/montazem.de\/wordpress\/index.php\/wp-json\/wp\/v2\/types\/page"}],"author":[{"embeddable":true,"href":"https:\/\/montazem.de\/wordpress\/index.php\/wp-json\/wp\/v2\/users\/1"}],"replies":[{"embeddable":true,"href":"https:\/\/montazem.de\/wordpress\/index.php\/wp-json\/wp\/v2\/comments?post=72"}],"version-history":[{"count":3,"href":"https:\/\/montazem.de\/wordpress\/index.php\/wp-json\/wp\/v2\/pages\/72\/revisions"}],"predecessor-version":[{"id":80,"href":"https:\/\/montazem.de\/wordpress\/index.php\/wp-json\/wp\/v2\/pages\/72\/revisions\/80"}],"wp:attachment":[{"href":"https:\/\/montazem.de\/wordpress\/index.php\/wp-json\/wp\/v2\/media?parent=72"}],"curies":[{"name":"wp","href":"https:\/\/api.w.org\/{rel}","templated":true}]}}