{"id":92,"date":"2023-03-20T21:26:59","date_gmt":"2023-03-20T20:26:59","guid":{"rendered":"https:\/\/montazem.de\/wordpress\/?page_id=92"},"modified":"2023-03-20T22:04:35","modified_gmt":"2023-03-20T21:04:35","slug":"erkrankungen","status":"publish","type":"page","link":"https:\/\/montazem.de\/wordpress\/index.php\/erkrankungen\/","title":{"rendered":"Erkrankungen"},"content":{"rendered":"\n<h2 class=\"wp-block-heading\">Erkrankungen der Wirbels\u00e4ule<\/h2>\n\n\n\n<p>Wie man an den anatomischen Ausf\u00fchrungen erkennen kann, ist die Wirbels\u00e4ule ein recht kompliziert aufgebautes Gebilde. Sie beinhaltet nicht nur Knochen und Bandscheiben, sondern auch Nervenbahnen (R\u00fcckenmark), Arterien, ja sogar sinnesorgan\u00e4hnliche Strukturen, wenn man sich den Aufbau des Kopfgelenkes genau ansieht.<br>Durch Unf\u00e4lle und auch Altersverschlei\u00df kann es nun zu Verletzungen oder Verformungen an der Wirbels\u00e4ule kommen, die bestimmte Beschwerden hervorrufen.<br>Generell kann man sagen, dass ein sehr hoher Prozentsatz an Wirbels\u00e4ulenbeschwerden auf Verschiebungen von Wirbeln oder Bandscheiben zur\u00fcckzuf\u00fchren sind. Dadurch werden Reizungen des Nervensystems verursacht. Das kann man sich leicht vorstellen, wenn man sich vor Augen h\u00e4lt, dass die Wirbels\u00e4ule ein 26gliedriger Kanal ist, der das R\u00fcckenmark wie ein dickes Kabel mit vielen Leitungen beinhaltet. Springt nun ein Glied aus dem Kanal, so entsteht ein \u201cKnick\u201d. An der Stelle des Knicks ist der Durchmesser des Kanals nun auch kleiner und so wird das Kabel im Knick an die Kanalwand gedr\u00fcckt. Dadurch wird das Kabel gequetscht, was sich durch Bewegung des K\u00f6rpers verst\u00e4rken oder auch vermindern kann. Gequetschte Kabel l\u00f6sen zeitweilige Fehlfunktionen aus, entweder sie leiten Strom oder sie leiten ihn nicht. Das nennt man auch Wackelkontakt. So \u00e4hnlich ist das auch mit dem R\u00fcckenmark : Bestimmte Nerven werden an der Wirbelverschiebung entweder komplett gequetscht und damit \u201cdeaktiviert\u201d oder sie werden nur zeitweilig gequetscht, je nach dem wie der K\u00f6rper bewegt wird. Wie wir bereits wissen, gibt es R\u00fcckenmarkssegmente, die den Wirbeln entsprechen und bestimmte Funktionen inne haben. Verschiebt sich nun ein Wirbel, wird sein entsprechendes R\u00fcckenmarksegment gereizt (\u201cgequetscht\u201d) was je nach Segment zu unterschiedlichen Auswirkungen f\u00fchren kann. Auch hierzu hat gibt es ebenfalls \u00dcbersichten von Chiropraktikern (Copyright <a href=\"http:\/\/www.parkerchiropractic.com\">Parker Chiropractic<\/a> 1995), welche ich wiederum zur Vollst\u00e4ndigkeit abbilde:<\/p>\n\n\n\n<table id=\"tablepress-2\" class=\"tablepress tablepress-id-2\">\n<thead>\n<tr class=\"row-1\">\n\t<th class=\"column-1\">Wirbels\u00e4ulenab-schnitt<\/th><th class=\"column-2\">Wirbel-k\u00f6rper<\/th><th class=\"column-3\">Funktions- und Versorgungsgebiet des entsprechenden R\u00fcckenmarksegments<\/th><th class=\"column-4\">Auswirkungen <\/th>\n<\/tr>\n<\/thead>\n<tbody class=\"row-striping row-hover\">\n<tr class=\"row-2\">\n\t<td class=\"column-1\">Halswirbels\u00e4ule<\/td><td class=\"column-2\">C1<\/td><td class=\"column-3\">Blutversorgung von Kopf, Hypophyse, Kopfhaut und Gesichtsknochen. Innen- und Mittelohr. Sympathisches Nervensystem<\/td><td class=\"column-4\">Kopfschmerzen, Nervosit\u00e4t, Schlaflosigkeit, Kopfgrippe, Bluthochdruck, Migr\u00e4ne, Nervenzusammenbruch, Ged\u00e4chtnisschwund, chronische M\u00fcdigkeit, Schwindel<\/td>\n<\/tr>\n<tr class=\"row-3\">\n\t<td class=\"column-1\"><\/td><td class=\"column-2\">C2<\/td><td class=\"column-3\">Augen, Sehnerven, H\u00f6rnerven, Nebenh\u00f6hlen, Mastoid-Knochen, Zunge, Stirn<\/td><td class=\"column-4\">Nebenh\u00f6hlenbeschwerden, Allergien, Schielen, Taubheit, Augenleiden, Ohrenschmerzen, Ohnmachtsanf\u00e4lle, bestimmte Arten von Blindheit<\/td>\n<\/tr>\n<tr class=\"row-4\">\n\t<td class=\"column-1\"><\/td><td class=\"column-2\">C3<\/td><td class=\"column-3\">Wangen, Ohrmuscheln, Gesichtsknochen, Z\u00e4hne, Facialis-Nerv<\/td><td class=\"column-4\">Neuralgie, Neuritis, Akne oder Pickel, Ekzem<\/td>\n<\/tr>\n<tr class=\"row-5\">\n\t<td class=\"column-1\"><\/td><td class=\"column-2\">C4<\/td><td class=\"column-3\">Nase, Lippen, Mund, Eustachische R\u00f6hre<\/td><td class=\"column-4\">Heuschnupfen, Katarrh, Geh\u00f6rverlust, Polypen<\/td>\n<\/tr>\n<tr class=\"row-6\">\n\t<td class=\"column-1\"><\/td><td class=\"column-2\">C5<\/td><td class=\"column-3\">Stimmb\u00e4nder, Nackendr\u00fcsen, Rachen<\/td><td class=\"column-4\">Kehlkopfentz\u00fcndung, Heiserkeit, Halsschmerzen, Halsbr\u00e4une<\/td>\n<\/tr>\n<tr class=\"row-7\">\n\t<td class=\"column-1\"><\/td><td class=\"column-2\">C6<\/td><td class=\"column-3\">Nackenmuskulatur, Schultern, Mandeln<\/td><td class=\"column-4\">steifes Genick, Oberarmschmerzen, Mandelentz\u00fcndung, Keuchhusten, Krupp-Husten<\/td>\n<\/tr>\n<tr class=\"row-8\">\n\t<td class=\"column-1\"><\/td><td class=\"column-2\">C7<\/td><td class=\"column-3\">Schilddr\u00fcse, Schulter-Schleimbeutel, Ellbogen<\/td><td class=\"column-4\">Schleimbeutelentz\u00fcndung, Erk\u00e4ltungen, Schilddr\u00fcsenerkrankungen<\/td>\n<\/tr>\n<tr class=\"row-9\">\n\t<td class=\"column-1\">Brustwirbels\u00e4ule<\/td><td class=\"column-2\">Th1<\/td><td class=\"column-3\">Unterarme, Handgelenke, H\u00e4nde, Finger, Speiser\u00f6hre, Luftr\u00f6hre<\/td><td class=\"column-4\">Asthma, Husten, Atembeschwerden, Kurzatmigkeit, Schmerzen in Unterarmen und H\u00e4nden<\/td>\n<\/tr>\n<tr class=\"row-10\">\n\t<td class=\"column-1\"><\/td><td class=\"column-2\">Th2<\/td><td class=\"column-3\">Herz mit seinen Klappen und seiner Umh\u00fcllung, Herzkranzgef\u00e4sse <\/td><td class=\"column-4\">funktionelle Herzbeschwerden, und gewisse Brustleiden<\/td>\n<\/tr>\n<tr class=\"row-11\">\n\t<td class=\"column-1\"><\/td><td class=\"column-2\">Th3<\/td><td class=\"column-3\">Lungen, Bronchien, Rippenfell, Brustkorb, Br\u00fcste<\/td><td class=\"column-4\">Bronchitis, Rippenfellentz\u00fcndung, Lungenentz\u00fcndung, Grippe<\/td>\n<\/tr>\n<tr class=\"row-12\">\n\t<td class=\"column-1\"><\/td><td class=\"column-2\">Th4<\/td><td class=\"column-3\">Gallenblase, Galleng\u00e4nge<\/td><td class=\"column-4\">Gallenleiden, Gelbsucht, G\u00fcrtelrose<\/td>\n<\/tr>\n<tr class=\"row-13\">\n\t<td class=\"column-1\"><\/td><td class=\"column-2\">Th5 <\/td><td class=\"column-3\">Leber, Solarplexus, Blut<\/td><td class=\"column-4\">Leberleiden, Fieber, niederer Blutdruck, An\u00e4mie, Kreislaufschw\u00e4che, Arthritis<\/td>\n<\/tr>\n<tr class=\"row-14\">\n\t<td class=\"column-1\"><\/td><td class=\"column-2\">Th6<\/td><td class=\"column-3\">Magen<\/td><td class=\"column-4\">Magenbeschwerden, auch ner\u00f6der Art wie Verdauungsst\u00f6rungen oder Sodbrennen<\/td>\n<\/tr>\n<tr class=\"row-15\">\n\t<td class=\"column-1\"><\/td><td class=\"column-2\">Th7<\/td><td class=\"column-3\">Bauchspeicheldr\u00fcse, Zw\u00f6lffingerdarm<\/td><td class=\"column-4\">Geschw\u00fcre, Gastritis<\/td>\n<\/tr>\n<tr class=\"row-16\">\n\t<td class=\"column-1\"><\/td><td class=\"column-2\">Th8<\/td><td class=\"column-3\">Milz<\/td><td class=\"column-4\">Abwehrschw\u00e4che<\/td>\n<\/tr>\n<tr class=\"row-17\">\n\t<td class=\"column-1\"><\/td><td class=\"column-2\">Th9<\/td><td class=\"column-3\">Nebennieren<\/td><td class=\"column-4\">Allergien, Nesselausschl\u00e4ge<\/td>\n<\/tr>\n<tr class=\"row-18\">\n\t<td class=\"column-1\"><\/td><td class=\"column-2\">Th10<\/td><td class=\"column-3\">Nieren<\/td><td class=\"column-4\">Nierenbeschwerden, Arterienverkalkung, chronische M\u00fcdigkeit, Nieren(becken)entz\u00fcndung<\/td>\n<\/tr>\n<tr class=\"row-19\">\n\t<td class=\"column-1\"><\/td><td class=\"column-2\">Th11<\/td><td class=\"column-3\">Nieren, Harnleiter<\/td><td class=\"column-4\">Hautkrankheiten (Akne, Pickel, Ekzeme, Furunkel)<\/td>\n<\/tr>\n<tr class=\"row-20\">\n\t<td class=\"column-1\"><\/td><td class=\"column-2\">Th12<\/td><td class=\"column-3\">D\u00fcnndarm, Lymphsystem<\/td><td class=\"column-4\">Rheumatismus, Bl\u00e4hungen einige Arten der Sterilit\u00e4t<\/td>\n<\/tr>\n<tr class=\"row-21\">\n\t<td class=\"column-1\">Lendenwirbel- s\u00e4ule<\/td><td class=\"column-2\">L1<\/td><td class=\"column-3\">Dickdarm, Leistenpforte<\/td><td class=\"column-4\">Verstopfung, Kolitis, Ruhr, Durchfall, einige Arten von Br\u00fcchen (Hernien)<\/td>\n<\/tr>\n<tr class=\"row-22\">\n\t<td class=\"column-1\"><\/td><td class=\"column-2\">L2<\/td><td class=\"column-3\">Blinddarm, Bauch, Oberschenkel<\/td><td class=\"column-4\">Kr\u00e4mpfe, Atembeschwerden, \u00dcbers\u00e4uerung, Krampfadern<\/td>\n<\/tr>\n<tr class=\"row-23\">\n\t<td class=\"column-1\"><\/td><td class=\"column-2\">L3<\/td><td class=\"column-3\">Geschlechtsorgane, Geb\u00e4rmutter, Blase, Knie<\/td><td class=\"column-4\">Blasenleiden, Menstruationsbeschwerden (schmerzhafte oder unregelm\u00e4ssige Perioden), Fehlgeburten, Bettn\u00e4ssen, Impotenz, Wechseljahrebeschwerden, viele Kniebeschwerden<\/td>\n<\/tr>\n<tr class=\"row-24\">\n\t<td class=\"column-1\"><\/td><td class=\"column-2\">L4<\/td><td class=\"column-3\">Prostata, Muskeln der unteren R\u00fcckenabschnitte, Ischias<\/td><td class=\"column-4\">Ischias, Hexenschuss, schwieriges, schmerzhaftes oder zu h\u00e4ufiges Harnlassen, R\u00fcckenbeschwerden<\/td>\n<\/tr>\n<tr class=\"row-25\">\n\t<td class=\"column-1\"><\/td><td class=\"column-2\">L5<\/td><td class=\"column-3\">Unterschenkel, Sprunggelenke, F\u00fcsse<\/td><td class=\"column-4\">Schlechte Durchblutung der Unterschenkel, geschwollene Kn\u00f6chel, schwache Sprunggelenke und Fu\u00dfgew\u00f6lbe, kalte F\u00fcsse, schwache Beine, Wadenkr\u00e4mpfe<\/td>\n<\/tr>\n<tr class=\"row-26\">\n\t<td class=\"column-1\">Kreuzbein<\/td><td class=\"column-2\">Kreuzbein<\/td><td class=\"column-3\">H\u00fcftknochen, Ges\u00e4ss<\/td><td class=\"column-4\">Beschwerden im Bereich der H\u00fcft-\/Beckengelenke, Wirbels\u00e4ulenverkr\u00fcmmungen<\/td>\n<\/tr>\n<tr class=\"row-27\">\n\t<td class=\"column-1\">Steissbein<\/td><td class=\"column-2\">Steiss- bein<\/td><td class=\"column-3\">Enddarm, After<\/td><td class=\"column-4\">H\u00e4morrhoiden, Afterjucken, Schmerzen am Ende der Wirbels\u00e4ule beim Sitzen<\/td>\n<\/tr>\n<\/tbody>\n<\/table>\n<!-- #tablepress-2 from cache -->\n\n\n<div class=\"wp-block-columns is-layout-flex wp-container-2\">\n<div class=\"wp-block-column is-layout-flow\" style=\"flex-basis:100%\">\n<p>Diese Liste bedeutet aber&nbsp; nicht, dass ein Leiden immer auf einen verschobenen Wirbel zur\u00fcckzuf\u00fchren ist. Hat man z.B. chronisches Asthma, was zweifelsfrei von einem Kollegen der inneren Medizin diagnostiziert wurde, so hat das sehr wahrscheinlich eine andere Ursache als ein \u201cschiefstehender\u201d erster Brustwirbel. Hat man aber z.B. Schmerzen im Unterarm und die orthop\u00e4dischen oder neurologischen Untersuchungen brachten keinen Befund, so sollte man seinen Arzt eventuell darum bitten, die Wirbels\u00e4ule zu untersuchen. Es kann durchaus sein, dass ein schon leicht verschobener erster Brustwirbel und das damit gereizte Nervensegment des R\u00fcckenmarks die Ursache ist. Es ist durchaus denkbar, dass man dann diese Ursache durch Massagen oder andere geeignete Therapien schnell beseitigt.<\/p>\n\n\n\n<p>Nat\u00fcrlich sind nicht alle Wirbels\u00e4ulenprobleme immer mit einfachen Mitteln zu beheben. Wirbelbr\u00fcche und Instabilit\u00e4ten bed\u00fcrfen einer genauen Diagnose und meist einem operativen Eingriff.<\/p>\n\n\n\n<p>In den Menuepunkten dieser Seite wird kurz auf die wichtigsten Erkrankungen der einzelnen Wirbels\u00e4ulenabschnitte und deren Therapie eingegangen. Eine tiefergehende Beratung sowie Diagnose der einzelnen Beschwerden ist nur bei einer ambulanten <a href=\"file:\/\/\/C:\/Dokumente\/Business\/monti\/MONTI_ALT\/deutsch\/html\/kontakt.html\">Vorstellung<\/a> m\u00f6glich.&nbsp;<\/p>\n<\/div>\n<\/div>\n","protected":false},"excerpt":{"rendered":"<p>Erkrankungen der Wirbels\u00e4ule Wie man an den anatomischen Ausf\u00fchrungen erkennen kann, ist die Wirbels\u00e4ule ein recht kompliziert aufgebautes Gebilde. Sie beinhaltet nicht nur Knochen und Bandscheiben, sondern auch Nervenbahnen (R\u00fcckenmark), Arterien, ja sogar sinnesorgan\u00e4hnliche Strukturen, wenn man sich den Aufbau &hellip; <a href=\"https:\/\/montazem.de\/wordpress\/index.php\/erkrankungen\/\">Weiterlesen <span class=\"meta-nav\">&rarr;<\/span><\/a><\/p>\n","protected":false},"author":1,"featured_media":0,"parent":0,"menu_order":0,"comment_status":"closed","ping_status":"closed","template":"","meta":[],"_links":{"self":[{"href":"https:\/\/montazem.de\/wordpress\/index.php\/wp-json\/wp\/v2\/pages\/92"}],"collection":[{"href":"https:\/\/montazem.de\/wordpress\/index.php\/wp-json\/wp\/v2\/pages"}],"about":[{"href":"https:\/\/montazem.de\/wordpress\/index.php\/wp-json\/wp\/v2\/types\/page"}],"author":[{"embeddable":true,"href":"https:\/\/montazem.de\/wordpress\/index.php\/wp-json\/wp\/v2\/users\/1"}],"replies":[{"embeddable":true,"href":"https:\/\/montazem.de\/wordpress\/index.php\/wp-json\/wp\/v2\/comments?post=92"}],"version-history":[{"count":4,"href":"https:\/\/montazem.de\/wordpress\/index.php\/wp-json\/wp\/v2\/pages\/92\/revisions"}],"predecessor-version":[{"id":102,"href":"https:\/\/montazem.de\/wordpress\/index.php\/wp-json\/wp\/v2\/pages\/92\/revisions\/102"}],"wp:attachment":[{"href":"https:\/\/montazem.de\/wordpress\/index.php\/wp-json\/wp\/v2\/media?parent=92"}],"curies":[{"name":"wp","href":"https:\/\/api.w.org\/{rel}","templated":true}]}}